{"id":4502,"date":"2023-08-10T12:03:05","date_gmt":"2023-08-10T17:03:05","guid":{"rendered":"https:\/\/alaic.org\/?post_type=product&#038;p=4502"},"modified":"2023-08-28T14:05:58","modified_gmt":"2023-08-28T19:05:58","slug":"membresia-reactivacion","status":"publish","type":"product","link":"https:\/\/alaic.org\/pt\/produto\/membresia-reactivacion","title":{"rendered":"Parceiros de reativa\u00e7\u00e3o de associa\u00e7\u00e3o"},"content":{"rendered":"","protected":false},"excerpt":{"rendered":"<p><strong>Parceiros brasileiros<\/strong> devem fazer ou pagamento via<\/p>\n<p>PIX <strong>2a5fa37c-2272-4483-8041-acf6caada8ac<\/strong><br \/>\n(em nome de <strong>Thiago Dutra Vilela<\/strong>).<br \/>\nn\u00e3o valor de<strong> R$ 300<\/strong>, equivalente a <strong>60 d\u00f3lares<\/strong>, por uma anuidade,<br \/>\nou <strong>R$ 1500<\/strong>, equivalente a <strong>300 d\u00f3lares<\/strong><br \/>\ne envie o voucher para <strong>contactalaic@gmail.com<\/strong><\/p>","protected":false},"featured_media":4513,"template":"","meta":{"_bbp_topic_count":0,"_bbp_reply_count":0,"_bbp_total_topic_count":0,"_bbp_total_reply_count":0,"_bbp_voice_count":0,"_bbp_anonymous_reply_count":0,"_bbp_topic_count_hidden":0,"_bbp_reply_count_hidden":0,"_bbp_forum_subforum_count":0},"product_cat":[89],"product_tag":[],"yoast_head":"<!-- This site is optimized with the Yoast SEO plugin v22.5 - https:\/\/yoast.com\/wordpress\/plugins\/seo\/ -->\n<title>Membres\u00eda reactivaci\u00f3n Socios - Alaic<\/title>\n<meta name=\"robots\" content=\"index, follow, max-snippet:-1, max-image-preview:large, max-video-preview:-1\" \/>\n<link rel=\"canonical\" href=\"https:\/\/alaic.org\/pt\/produto\/membresia-reactivacion\/\" \/>\n<meta property=\"og:locale\" content=\"pt_BR\" \/>\n<meta property=\"og:type\" content=\"article\" \/>\n<meta property=\"og:title\" content=\"Membres\u00eda reactivaci\u00f3n Socios - Alaic\" \/>\n<meta property=\"og:description\" content=\"S\u00f3cios(as) brasileiros(as) devem fazer o pagamento via  PIX 2a5fa37c-2272-4483-8041-acf6caada8ac (em nome de Thiago Dutra Vilela). no valor de R$ 300, equivalente a 60 d\u00f3lares, para uma anuidade, ou R$ 1500, equivalente a 300 d\u00f3lares e enviar o comprovante para contactoalaic@gmail.com\" \/>\n<meta property=\"og:url\" content=\"https:\/\/alaic.org\/pt\/produto\/membresia-reactivacion\/\" \/>\n<meta property=\"og:site_name\" content=\"Alaic\" \/>\n<meta property=\"article:modified_time\" content=\"2023-08-28T19:05:58+00:00\" \/>\n<meta property=\"og:image\" content=\"https:\/\/alaic.org\/wp-content\/uploads\/2023\/08\/reactivacion_membresia_Persona.jpg\" \/>\n\t<meta property=\"og:image:width\" content=\"601\" \/>\n\t<meta property=\"og:image:height\" content=\"601\" \/>\n\t<meta property=\"og:image:type\" content=\"image\/jpeg\" \/>\n<meta name=\"twitter:card\" content=\"summary_large_image\" \/>\n<script type=\"application\/ld+json\" class=\"yoast-schema-graph\">{\"@context\":\"https:\/\/schema.org\",\"@graph\":[{\"@type\":\"WebPage\",\"@id\":\"https:\/\/alaic.org\/producto\/membresia-reactivacion\/\",\"url\":\"https:\/\/alaic.org\/producto\/membresia-reactivacion\/\",\"name\":\"Membres\u00eda reactivaci\u00f3n Socios - Alaic\",\"isPartOf\":{\"@id\":\"https:\/\/alaic.org\/#website\"},\"primaryImageOfPage\":{\"@id\":\"https:\/\/alaic.org\/producto\/membresia-reactivacion\/#primaryimage\"},\"image\":{\"@id\":\"https:\/\/alaic.org\/producto\/membresia-reactivacion\/#primaryimage\"},\"thumbnailUrl\":\"https:\/\/alaic.org\/wp-content\/uploads\/2023\/08\/reactivacion_membresia_Persona.jpg\",\"datePublished\":\"2023-08-10T17:03:05+00:00\",\"dateModified\":\"2023-08-28T19:05:58+00:00\",\"breadcrumb\":{\"@id\":\"https:\/\/alaic.org\/producto\/membresia-reactivacion\/#breadcrumb\"},\"inLanguage\":\"pt-BR\",\"potentialAction\":[{\"@type\":\"ReadAction\",\"target\":[\"https:\/\/alaic.org\/producto\/membresia-reactivacion\/\"]}]},{\"@type\":\"ImageObject\",\"inLanguage\":\"pt-BR\",\"@id\":\"https:\/\/alaic.org\/producto\/membresia-reactivacion\/#primaryimage\",\"url\":\"https:\/\/alaic.org\/wp-content\/uploads\/2023\/08\/reactivacion_membresia_Persona.jpg\",\"contentUrl\":\"https:\/\/alaic.org\/wp-content\/uploads\/2023\/08\/reactivacion_membresia_Persona.jpg\",\"width\":601,\"height\":601},{\"@type\":\"BreadcrumbList\",\"@id\":\"https:\/\/alaic.org\/producto\/membresia-reactivacion\/#breadcrumb\",\"itemListElement\":[{\"@type\":\"ListItem\",\"position\":1,\"name\":\"Portada\",\"item\":\"https:\/\/alaic.org\/\"},{\"@type\":\"ListItem\",\"position\":2,\"name\":\"Tienda\",\"item\":\"https:\/\/alaic.org\/pt\/tienda\/\"},{\"@type\":\"ListItem\",\"position\":3,\"name\":\"Membres\u00eda reactivaci\u00f3n Socios\"}]},{\"@type\":\"WebSite\",\"@id\":\"https:\/\/alaic.org\/#website\",\"url\":\"https:\/\/alaic.org\/\",\"name\":\"Alaic\",\"description\":\"Asociaci\u00f3n Latinoamericana de Investigadores de la Comunicaci\u00f3n\",\"publisher\":{\"@id\":\"https:\/\/alaic.org\/#organization\"},\"potentialAction\":[{\"@type\":\"SearchAction\",\"target\":{\"@type\":\"EntryPoint\",\"urlTemplate\":\"https:\/\/alaic.org\/?s={search_term_string}\"},\"query-input\":\"required name=search_term_string\"}],\"inLanguage\":\"pt-BR\"},{\"@type\":\"Organization\",\"@id\":\"https:\/\/alaic.org\/#organization\",\"name\":\"Alaic\",\"url\":\"https:\/\/alaic.org\/\",\"logo\":{\"@type\":\"ImageObject\",\"inLanguage\":\"pt-BR\",\"@id\":\"https:\/\/alaic.org\/#\/schema\/logo\/image\/\",\"url\":\"https:\/\/alaic.org\/wp-content\/uploads\/2023\/02\/imagen_2023-02-16_090402780.png\",\"contentUrl\":\"https:\/\/alaic.org\/wp-content\/uploads\/2023\/02\/imagen_2023-02-16_090402780.png\",\"width\":1220,\"height\":417,\"caption\":\"Alaic\"},\"image\":{\"@id\":\"https:\/\/alaic.org\/#\/schema\/logo\/image\/\"}}]}<\/script>\n<!-- \/ Yoast SEO plugin. -->","yoast_head_json":{"title":"Membres\u00eda reactivaci\u00f3n Socios - Alaic","robots":{"index":"index","follow":"follow","max-snippet":"max-snippet:-1","max-image-preview":"max-image-preview:large","max-video-preview":"max-video-preview:-1"},"canonical":"https:\/\/alaic.org\/pt\/produto\/membresia-reactivacion\/","og_locale":"pt_BR","og_type":"article","og_title":"Membres\u00eda reactivaci\u00f3n Socios - Alaic","og_description":"S\u00f3cios(as) brasileiros(as) devem fazer o pagamento via  PIX 2a5fa37c-2272-4483-8041-acf6caada8ac (em nome de Thiago Dutra Vilela). no valor de R$ 300, equivalente a 60 d\u00f3lares, para uma anuidade, ou R$ 1500, equivalente a 300 d\u00f3lares e enviar o comprovante para contactoalaic@gmail.com","og_url":"https:\/\/alaic.org\/pt\/produto\/membresia-reactivacion\/","og_site_name":"Alaic","article_modified_time":"2023-08-28T19:05:58+00:00","og_image":[{"width":601,"height":601,"url":"https:\/\/alaic.org\/wp-content\/uploads\/2023\/08\/reactivacion_membresia_Persona.jpg","type":"image\/jpeg"}],"twitter_card":"summary_large_image","schema":{"@context":"https:\/\/schema.org","@graph":[{"@type":"WebPage","@id":"https:\/\/alaic.org\/producto\/membresia-reactivacion\/","url":"https:\/\/alaic.org\/producto\/membresia-reactivacion\/","name":"Membres\u00eda reactivaci\u00f3n Socios - Alaic","isPartOf":{"@id":"https:\/\/alaic.org\/#website"},"primaryImageOfPage":{"@id":"https:\/\/alaic.org\/producto\/membresia-reactivacion\/#primaryimage"},"image":{"@id":"https:\/\/alaic.org\/producto\/membresia-reactivacion\/#primaryimage"},"thumbnailUrl":"https:\/\/alaic.org\/wp-content\/uploads\/2023\/08\/reactivacion_membresia_Persona.jpg","datePublished":"2023-08-10T17:03:05+00:00","dateModified":"2023-08-28T19:05:58+00:00","breadcrumb":{"@id":"https:\/\/alaic.org\/producto\/membresia-reactivacion\/#breadcrumb"},"inLanguage":"pt-BR","potentialAction":[{"@type":"ReadAction","target":["https:\/\/alaic.org\/producto\/membresia-reactivacion\/"]}]},{"@type":"ImageObject","inLanguage":"pt-BR","@id":"https:\/\/alaic.org\/producto\/membresia-reactivacion\/#primaryimage","url":"https:\/\/alaic.org\/wp-content\/uploads\/2023\/08\/reactivacion_membresia_Persona.jpg","contentUrl":"https:\/\/alaic.org\/wp-content\/uploads\/2023\/08\/reactivacion_membresia_Persona.jpg","width":601,"height":601},{"@type":"BreadcrumbList","@id":"https:\/\/alaic.org\/producto\/membresia-reactivacion\/#breadcrumb","itemListElement":[{"@type":"ListItem","position":1,"name":"Portada","item":"https:\/\/alaic.org\/"},{"@type":"ListItem","position":2,"name":"Tienda","item":"https:\/\/alaic.org\/pt\/tienda\/"},{"@type":"ListItem","position":3,"name":"Membres\u00eda reactivaci\u00f3n Socios"}]},{"@type":"WebSite","@id":"https:\/\/alaic.org\/#website","url":"https:\/\/alaic.org\/","name":"Alaic","description":"Asociaci\u00f3n Latinoamericana de Investigadores de la Comunicaci\u00f3n","publisher":{"@id":"https:\/\/alaic.org\/#organization"},"potentialAction":[{"@type":"SearchAction","target":{"@type":"EntryPoint","urlTemplate":"https:\/\/alaic.org\/?s={search_term_string}"},"query-input":"required name=search_term_string"}],"inLanguage":"pt-BR"},{"@type":"Organization","@id":"https:\/\/alaic.org\/#organization","name":"Alaic","url":"https:\/\/alaic.org\/","logo":{"@type":"ImageObject","inLanguage":"pt-BR","@id":"https:\/\/alaic.org\/#\/schema\/logo\/image\/","url":"https:\/\/alaic.org\/wp-content\/uploads\/2023\/02\/imagen_2023-02-16_090402780.png","contentUrl":"https:\/\/alaic.org\/wp-content\/uploads\/2023\/02\/imagen_2023-02-16_090402780.png","width":1220,"height":417,"caption":"Alaic"},"image":{"@id":"https:\/\/alaic.org\/#\/schema\/logo\/image\/"}}]}},"_links":{"self":[{"href":"https:\/\/alaic.org\/pt\/wp-json\/wp\/v2\/product\/4502"}],"collection":[{"href":"https:\/\/alaic.org\/pt\/wp-json\/wp\/v2\/product"}],"about":[{"href":"https:\/\/alaic.org\/pt\/wp-json\/wp\/v2\/types\/product"}],"version-history":[{"count":5,"href":"https:\/\/alaic.org\/pt\/wp-json\/wp\/v2\/product\/4502\/revisions"}],"predecessor-version":[{"id":4675,"href":"https:\/\/alaic.org\/pt\/wp-json\/wp\/v2\/product\/4502\/revisions\/4675"}],"wp:featuredmedia":[{"embeddable":true,"href":"https:\/\/alaic.org\/pt\/wp-json\/wp\/v2\/media\/4513"}],"wp:attachment":[{"href":"https:\/\/alaic.org\/pt\/wp-json\/wp\/v2\/media?parent=4502"}],"wp:term":[{"taxonomy":"product_cat","embeddable":true,"href":"https:\/\/alaic.org\/pt\/wp-json\/wp\/v2\/product_cat?post=4502"},{"taxonomy":"product_tag","embeddable":true,"href":"https:\/\/alaic.org\/pt\/wp-json\/wp\/v2\/product_tag?post=4502"}],"curies":[{"name":"wp","href":"https:\/\/api.w.org\/{rel}","templated":true}]}}