{"id":4498,"date":"2023-08-10T12:01:28","date_gmt":"2023-08-10T17:01:28","guid":{"rendered":"https:\/\/alaic.org\/?post_type=product&#038;p=4498"},"modified":"2023-08-28T12:55:05","modified_gmt":"2023-08-28T17:55:05","slug":"membresia-socios-pago-anual","status":"publish","type":"product","link":"https:\/\/alaic.org\/pt\/produto\/membresia-socios-pago-anual","title":{"rendered":"Parceiros de associa\u00e7\u00e3o Pagamento anual"},"content":{"rendered":"<p>A Associa\u00e7\u00e3o Latino-Americana de Pesquisadores da Comunica\u00e7\u00e3o (ALAIC) foi criada em 1978 em Caracas, Venezuela, gra\u00e7as ao incentivo de proeminentes pioneiros nos estudos regionais de comunica\u00e7\u00e3o. Foram eles que vislumbraram a necessidade de sistematizar a constru\u00e7\u00e3o do conhecimento latino-americano e posicionar a regi\u00e3o como interlocutora de outros atores que fazem parte do campo em n\u00edvel internacional.<\/p>\n<p>Desde suas origens, uma ampla comunidade de pesquisadores latino-americanos trabalhou para o desenvolvimento da ALAIC, tornando nossa Associa\u00e7\u00e3o um espa\u00e7o de encontro, troca de ideias e reflex\u00f5es que alimentam a constru\u00e7\u00e3o do conhecimento cient\u00edfico da comunica\u00e7\u00e3o.<\/p>","protected":false},"excerpt":{"rendered":"<p><strong>Parceiros brasileiros<\/strong> devem fazer ou pagamento via<\/p>\n<p>PIX <strong>2a5fa37c-2272-4483-8041-acf6caada8ac<\/strong><br \/>\n(em nome de <strong>Thiago Dutra Vilela<\/strong>).<br \/>\nn\u00e3o valor de<strong> R$ 150<\/strong>, equivalente a <strong>30 d\u00f3lares<\/strong>, por uma anuidade,<br \/>\nou <strong>R$ 750<\/strong>, equivalente a <strong>150 d\u00f3lares<\/strong><br \/>\ne envie o voucher para <strong>contactalaic@gmail.com<\/strong><\/p>","protected":false},"featured_media":4512,"template":"","meta":{"_bbp_topic_count":0,"_bbp_reply_count":0,"_bbp_total_topic_count":0,"_bbp_total_reply_count":0,"_bbp_voice_count":0,"_bbp_anonymous_reply_count":0,"_bbp_topic_count_hidden":0,"_bbp_reply_count_hidden":0,"_bbp_forum_subforum_count":0},"product_cat":[89],"product_tag":[],"yoast_head":"<!-- This site is optimized with the Yoast SEO plugin v22.5 - https:\/\/yoast.com\/wordpress\/plugins\/seo\/ -->\n<title>Membres\u00eda Socios Pago anual - Alaic<\/title>\n<meta name=\"robots\" content=\"index, follow, max-snippet:-1, max-image-preview:large, max-video-preview:-1\" \/>\n<link rel=\"canonical\" href=\"https:\/\/alaic.org\/pt\/produto\/membresia-socios-pago-anual\/\" \/>\n<meta property=\"og:locale\" content=\"pt_BR\" \/>\n<meta property=\"og:type\" content=\"article\" \/>\n<meta property=\"og:title\" content=\"Membres\u00eda Socios Pago anual - Alaic\" \/>\n<meta property=\"og:description\" content=\"S\u00f3cios(as) brasileiros(as) devem fazer o pagamento via  PIX 2a5fa37c-2272-4483-8041-acf6caada8ac (em nome de Thiago Dutra Vilela). no valor de R$ 150, equivalente a 30 d\u00f3lares, para uma anuidade, ou R$ 750, equivalente a 150 d\u00f3lares e enviar o comprovante para contactoalaic@gmail.com\" \/>\n<meta property=\"og:url\" content=\"https:\/\/alaic.org\/pt\/produto\/membresia-socios-pago-anual\/\" \/>\n<meta property=\"og:site_name\" content=\"Alaic\" \/>\n<meta property=\"article:modified_time\" content=\"2023-08-28T17:55:05+00:00\" \/>\n<meta property=\"og:image\" content=\"https:\/\/alaic.org\/wp-content\/uploads\/2023\/08\/membresia_Persona.jpg\" \/>\n\t<meta property=\"og:image:width\" content=\"601\" \/>\n\t<meta property=\"og:image:height\" content=\"601\" \/>\n\t<meta property=\"og:image:type\" content=\"image\/jpeg\" \/>\n<meta name=\"twitter:card\" content=\"summary_large_image\" \/>\n<meta name=\"twitter:label1\" content=\"Est. tempo de leitura\" \/>\n\t<meta name=\"twitter:data1\" content=\"1 minuto\" \/>\n<script type=\"application\/ld+json\" class=\"yoast-schema-graph\">{\"@context\":\"https:\/\/schema.org\",\"@graph\":[{\"@type\":\"WebPage\",\"@id\":\"https:\/\/alaic.org\/producto\/membresia-socios-pago-anual\/\",\"url\":\"https:\/\/alaic.org\/producto\/membresia-socios-pago-anual\/\",\"name\":\"Membres\u00eda Socios Pago anual - Alaic\",\"isPartOf\":{\"@id\":\"https:\/\/alaic.org\/#website\"},\"primaryImageOfPage\":{\"@id\":\"https:\/\/alaic.org\/producto\/membresia-socios-pago-anual\/#primaryimage\"},\"image\":{\"@id\":\"https:\/\/alaic.org\/producto\/membresia-socios-pago-anual\/#primaryimage\"},\"thumbnailUrl\":\"https:\/\/alaic.org\/wp-content\/uploads\/2023\/08\/membresia_Persona.jpg\",\"datePublished\":\"2023-08-10T17:01:28+00:00\",\"dateModified\":\"2023-08-28T17:55:05+00:00\",\"breadcrumb\":{\"@id\":\"https:\/\/alaic.org\/producto\/membresia-socios-pago-anual\/#breadcrumb\"},\"inLanguage\":\"pt-BR\",\"potentialAction\":[{\"@type\":\"ReadAction\",\"target\":[\"https:\/\/alaic.org\/producto\/membresia-socios-pago-anual\/\"]}]},{\"@type\":\"ImageObject\",\"inLanguage\":\"pt-BR\",\"@id\":\"https:\/\/alaic.org\/producto\/membresia-socios-pago-anual\/#primaryimage\",\"url\":\"https:\/\/alaic.org\/wp-content\/uploads\/2023\/08\/membresia_Persona.jpg\",\"contentUrl\":\"https:\/\/alaic.org\/wp-content\/uploads\/2023\/08\/membresia_Persona.jpg\",\"width\":601,\"height\":601},{\"@type\":\"BreadcrumbList\",\"@id\":\"https:\/\/alaic.org\/producto\/membresia-socios-pago-anual\/#breadcrumb\",\"itemListElement\":[{\"@type\":\"ListItem\",\"position\":1,\"name\":\"Portada\",\"item\":\"https:\/\/alaic.org\/\"},{\"@type\":\"ListItem\",\"position\":2,\"name\":\"Tienda\",\"item\":\"https:\/\/alaic.org\/pt\/tienda\/\"},{\"@type\":\"ListItem\",\"position\":3,\"name\":\"Membres\u00eda Socios Pago anual\"}]},{\"@type\":\"WebSite\",\"@id\":\"https:\/\/alaic.org\/#website\",\"url\":\"https:\/\/alaic.org\/\",\"name\":\"Alaic\",\"description\":\"Asociaci\u00f3n Latinoamericana de Investigadores de la Comunicaci\u00f3n\",\"publisher\":{\"@id\":\"https:\/\/alaic.org\/#organization\"},\"potentialAction\":[{\"@type\":\"SearchAction\",\"target\":{\"@type\":\"EntryPoint\",\"urlTemplate\":\"https:\/\/alaic.org\/?s={search_term_string}\"},\"query-input\":\"required name=search_term_string\"}],\"inLanguage\":\"pt-BR\"},{\"@type\":\"Organization\",\"@id\":\"https:\/\/alaic.org\/#organization\",\"name\":\"Alaic\",\"url\":\"https:\/\/alaic.org\/\",\"logo\":{\"@type\":\"ImageObject\",\"inLanguage\":\"pt-BR\",\"@id\":\"https:\/\/alaic.org\/#\/schema\/logo\/image\/\",\"url\":\"https:\/\/alaic.org\/wp-content\/uploads\/2023\/02\/imagen_2023-02-16_090402780.png\",\"contentUrl\":\"https:\/\/alaic.org\/wp-content\/uploads\/2023\/02\/imagen_2023-02-16_090402780.png\",\"width\":1220,\"height\":417,\"caption\":\"Alaic\"},\"image\":{\"@id\":\"https:\/\/alaic.org\/#\/schema\/logo\/image\/\"}}]}<\/script>\n<!-- \/ Yoast SEO plugin. -->","yoast_head_json":{"title":"Membres\u00eda Socios Pago anual - Alaic","robots":{"index":"index","follow":"follow","max-snippet":"max-snippet:-1","max-image-preview":"max-image-preview:large","max-video-preview":"max-video-preview:-1"},"canonical":"https:\/\/alaic.org\/pt\/produto\/membresia-socios-pago-anual\/","og_locale":"pt_BR","og_type":"article","og_title":"Membres\u00eda Socios Pago anual - Alaic","og_description":"S\u00f3cios(as) brasileiros(as) devem fazer o pagamento via  PIX 2a5fa37c-2272-4483-8041-acf6caada8ac (em nome de Thiago Dutra Vilela). no valor de R$ 150, equivalente a 30 d\u00f3lares, para uma anuidade, ou R$ 750, equivalente a 150 d\u00f3lares e enviar o comprovante para contactoalaic@gmail.com","og_url":"https:\/\/alaic.org\/pt\/produto\/membresia-socios-pago-anual\/","og_site_name":"Alaic","article_modified_time":"2023-08-28T17:55:05+00:00","og_image":[{"width":601,"height":601,"url":"https:\/\/alaic.org\/wp-content\/uploads\/2023\/08\/membresia_Persona.jpg","type":"image\/jpeg"}],"twitter_card":"summary_large_image","twitter_misc":{"Est. tempo de leitura":"1 minuto"},"schema":{"@context":"https:\/\/schema.org","@graph":[{"@type":"WebPage","@id":"https:\/\/alaic.org\/producto\/membresia-socios-pago-anual\/","url":"https:\/\/alaic.org\/producto\/membresia-socios-pago-anual\/","name":"Membres\u00eda Socios Pago anual - Alaic","isPartOf":{"@id":"https:\/\/alaic.org\/#website"},"primaryImageOfPage":{"@id":"https:\/\/alaic.org\/producto\/membresia-socios-pago-anual\/#primaryimage"},"image":{"@id":"https:\/\/alaic.org\/producto\/membresia-socios-pago-anual\/#primaryimage"},"thumbnailUrl":"https:\/\/alaic.org\/wp-content\/uploads\/2023\/08\/membresia_Persona.jpg","datePublished":"2023-08-10T17:01:28+00:00","dateModified":"2023-08-28T17:55:05+00:00","breadcrumb":{"@id":"https:\/\/alaic.org\/producto\/membresia-socios-pago-anual\/#breadcrumb"},"inLanguage":"pt-BR","potentialAction":[{"@type":"ReadAction","target":["https:\/\/alaic.org\/producto\/membresia-socios-pago-anual\/"]}]},{"@type":"ImageObject","inLanguage":"pt-BR","@id":"https:\/\/alaic.org\/producto\/membresia-socios-pago-anual\/#primaryimage","url":"https:\/\/alaic.org\/wp-content\/uploads\/2023\/08\/membresia_Persona.jpg","contentUrl":"https:\/\/alaic.org\/wp-content\/uploads\/2023\/08\/membresia_Persona.jpg","width":601,"height":601},{"@type":"BreadcrumbList","@id":"https:\/\/alaic.org\/producto\/membresia-socios-pago-anual\/#breadcrumb","itemListElement":[{"@type":"ListItem","position":1,"name":"Portada","item":"https:\/\/alaic.org\/"},{"@type":"ListItem","position":2,"name":"Tienda","item":"https:\/\/alaic.org\/pt\/tienda\/"},{"@type":"ListItem","position":3,"name":"Membres\u00eda Socios Pago anual"}]},{"@type":"WebSite","@id":"https:\/\/alaic.org\/#website","url":"https:\/\/alaic.org\/","name":"Alaic","description":"Asociaci\u00f3n Latinoamericana de Investigadores de la Comunicaci\u00f3n","publisher":{"@id":"https:\/\/alaic.org\/#organization"},"potentialAction":[{"@type":"SearchAction","target":{"@type":"EntryPoint","urlTemplate":"https:\/\/alaic.org\/?s={search_term_string}"},"query-input":"required name=search_term_string"}],"inLanguage":"pt-BR"},{"@type":"Organization","@id":"https:\/\/alaic.org\/#organization","name":"Alaic","url":"https:\/\/alaic.org\/","logo":{"@type":"ImageObject","inLanguage":"pt-BR","@id":"https:\/\/alaic.org\/#\/schema\/logo\/image\/","url":"https:\/\/alaic.org\/wp-content\/uploads\/2023\/02\/imagen_2023-02-16_090402780.png","contentUrl":"https:\/\/alaic.org\/wp-content\/uploads\/2023\/02\/imagen_2023-02-16_090402780.png","width":1220,"height":417,"caption":"Alaic"},"image":{"@id":"https:\/\/alaic.org\/#\/schema\/logo\/image\/"}}]}},"_links":{"self":[{"href":"https:\/\/alaic.org\/pt\/wp-json\/wp\/v2\/product\/4498"}],"collection":[{"href":"https:\/\/alaic.org\/pt\/wp-json\/wp\/v2\/product"}],"about":[{"href":"https:\/\/alaic.org\/pt\/wp-json\/wp\/v2\/types\/product"}],"version-history":[{"count":5,"href":"https:\/\/alaic.org\/pt\/wp-json\/wp\/v2\/product\/4498\/revisions"}],"predecessor-version":[{"id":4674,"href":"https:\/\/alaic.org\/pt\/wp-json\/wp\/v2\/product\/4498\/revisions\/4674"}],"wp:featuredmedia":[{"embeddable":true,"href":"https:\/\/alaic.org\/pt\/wp-json\/wp\/v2\/media\/4512"}],"wp:attachment":[{"href":"https:\/\/alaic.org\/pt\/wp-json\/wp\/v2\/media?parent=4498"}],"wp:term":[{"taxonomy":"product_cat","embeddable":true,"href":"https:\/\/alaic.org\/pt\/wp-json\/wp\/v2\/product_cat?post=4498"},{"taxonomy":"product_tag","embeddable":true,"href":"https:\/\/alaic.org\/pt\/wp-json\/wp\/v2\/product_tag?post=4498"}],"curies":[{"name":"wp","href":"https:\/\/api.w.org\/{rel}","templated":true}]}}