{"id":4445,"date":"2023-08-01T16:45:49","date_gmt":"2023-08-01T21:45:49","guid":{"rendered":"https:\/\/alaic.org\/?post_type=product&#038;p=4445"},"modified":"2023-08-14T18:41:17","modified_gmt":"2023-08-14T23:41:17","slug":"xi-seminario-alaic-2023-brasilia-del-3-al-7-de-octubre-2023","status":"publish","type":"product","link":"https:\/\/alaic.org\/pt\/produto\/xi-seminario-alaic-2023-brasilia-del-3-al-7-de-octubre-2023","title":{"rendered":"XI Semin\u00e1rio Alaico 2023 Alunos de p\u00f3s-gradua\u00e7\u00e3o e comunicadores populares"},"content":{"rendered":"<div data-elementor-type=\"product-post\" data-elementor-id=\"4445\" class=\"elementor elementor-4445\" data-elementor-post-type=\"product\">\n\t\t\t\t\t\t<section class=\"elementor-section elementor-top-section elementor-element elementor-element-23767087 elementor-section-boxed elementor-section-height-default elementor-section-height-default\" data-id=\"23767087\" data-element_type=\"section\">\n\t\t\t\t\t\t<div class=\"elementor-container elementor-column-gap-default\">\n\t\t\t\t\t<div class=\"elementor-column elementor-col-100 elementor-top-column elementor-element elementor-element-5b13e564 ot-flex-column-vertical\" data-id=\"5b13e564\" data-element_type=\"column\">\n\t\t\t<div class=\"elementor-widget-wrap elementor-element-populated\">\n\t\t\t\t\t\t<div class=\"elementor-element elementor-element-6b41b6fd elementor-widget elementor-widget-text-editor\" data-id=\"6b41b6fd\" data-element_type=\"widget\" data-widget_type=\"text-editor.default\">\n\t\t\t\t<div class=\"elementor-widget-container\">\n\t\t\t<style>\/*! elementor - v3.21.0 - 24-04-2024 *\/\n.elementor-widget-text-editor.elementor-drop-cap-view-stacked .elementor-drop-cap{background-color:#69727d;color:#fff}.elementor-widget-text-editor.elementor-drop-cap-view-framed .elementor-drop-cap{color:#69727d;border:3px solid;background-color:transparent}.elementor-widget-text-editor:not(.elementor-drop-cap-view-default) .elementor-drop-cap{margin-top:8px}.elementor-widget-text-editor:not(.elementor-drop-cap-view-default) .elementor-drop-cap-letter{width:1em;height:1em}.elementor-widget-text-editor .elementor-drop-cap{float:left;text-align:center;line-height:1;font-size:50px}.elementor-widget-text-editor .elementor-drop-cap-letter{display:inline-block}<\/style>\t\t\t\t<p><span class=\"fontstyle0\">Programa\u00e7\u00e3o PRELIMINAR \u2013 (podem ocorrer altera\u00e7\u00f5es)<\/span><\/p><p><span class=\"fontstyle0\" style=\"color: #000000;\">XVII Congresso Brasileiro de Comunica\u00e7\u00e3o Cidad\u00e3 \u2013 (CBCC 2023) e<\/span><\/p><p><span class=\"fontstyle0\" style=\"color: #000000;\">XI Semin\u00e1rio da Associa\u00e7\u00e3o Latino-Americana de Pesquisadores em Comunica\u00e7\u00e3o \u2013 (Semin\u00e1rio ALAIC 2023)<\/span><\/p><p><span class=\"fontstyle2\">Cidadania comunicativa, informa\u00e7\u00e3o e democracia<\/span><\/p><p><span class=\"fontstyle0\" style=\"color: #000000;\">Bras\u00edlia, 3 a 7 de outubro de 2023 <\/span><span class=\"fontstyle0\" style=\"color: #000000;\">(FORMATO H\u00cdBRIDO)<\/span><\/p><p><span class=\"fontstyle0\" style=\"color: #000000;\">promo\u00e7\u00e3o e organiza\u00e7\u00e3o<\/span><span class=\"fontstyle3\">:<\/span><\/p><p><span class=\"fontstyle3\">Associa\u00e7\u00e3o Brasileira de Pesquisadores e Comunicadores em Comunica\u00e7\u00e3o Popular, Comunit\u00e1ria e Cidad\u00e3 (ABPCOM), Associa\u00e7\u00e3o Latino-Americana de Pesquisadores em Comunica\u00e7\u00e3o (ALAIC)<\/span><\/p><p><span class=\"fontstyle0\" style=\"color: #000000;\">Realiza\u00e7\u00e3o<\/span><span class=\"fontstyle3\">: Universidade de Bras\u00edlia, Bras\u00edlia \u2013 DF, Brasil e Instituto Federal de Bras\u00edlia \u2013 DF, Brasil<\/span><\/p><p><span class=\"fontstyle0\" style=\"color: #000000;\">Informa\u00e7\u00e3o<\/span><span class=\"fontstyle3\">: Comit\u00ea Organizador do evento CBCC\/ALAIC 2023: E-mail: <\/span><span class=\"fontstyle3\" style=\"color: #1155cc;\">abpcomalaic2023@gmail.com <\/span><span class=\"fontstyle3\">qualquer <\/span><span class=\"fontstyle3\" style=\"color: #1155cc;\">contactalaic@gmail.com<\/span><\/p>\t\t\t\t\t\t<\/div>\n\t\t\t\t<\/div>\n\t\t\t\t<div class=\"elementor-element elementor-element-4837914 elementor-widget elementor-widget-spacer\" data-id=\"4837914\" data-element_type=\"widget\" data-widget_type=\"spacer.default\">\n\t\t\t\t<div class=\"elementor-widget-container\">\n\t\t\t<style>\/*! elementor - v3.21.0 - 24-04-2024 *\/\n.elementor-column .elementor-spacer-inner{height:var(--spacer-size)}.e-con{--container-widget-width:100%}.e-con-inner>.elementor-widget-spacer,.e-con>.elementor-widget-spacer{width:var(--container-widget-width,var(--spacer-size));--align-self:var(--container-widget-align-self,initial);--flex-shrink:0}.e-con-inner>.elementor-widget-spacer>.elementor-widget-container,.e-con>.elementor-widget-spacer>.elementor-widget-container{height:100%;width:100%}.e-con-inner>.elementor-widget-spacer>.elementor-widget-container>.elementor-spacer,.e-con>.elementor-widget-spacer>.elementor-widget-container>.elementor-spacer{height:100%}.e-con-inner>.elementor-widget-spacer>.elementor-widget-container>.elementor-spacer>.elementor-spacer-inner,.e-con>.elementor-widget-spacer>.elementor-widget-container>.elementor-spacer>.elementor-spacer-inner{height:var(--container-widget-height,var(--spacer-size))}.e-con-inner>.elementor-widget-spacer.elementor-widget-empty,.e-con>.elementor-widget-spacer.elementor-widget-empty{position:relative;min-height:22px;min-width:22px}.e-con-inner>.elementor-widget-spacer.elementor-widget-empty .elementor-widget-empty-icon,.e-con>.elementor-widget-spacer.elementor-widget-empty .elementor-widget-empty-icon{position:absolute;top:0;bottom:0;left:0;right:0;margin:auto;padding:0;width:22px;height:22px}<\/style>\t\t<div class=\"elementor-spacer\">\n\t\t\t<div class=\"elementor-spacer-inner\"><\/div>\n\t\t<\/div>\n\t\t\t\t<\/div>\n\t\t\t\t<\/div>\n\t\t\t\t<section class=\"elementor-section elementor-inner-section elementor-element elementor-element-1f25a9e elementor-section-boxed elementor-section-height-default elementor-section-height-default\" data-id=\"1f25a9e\" data-element_type=\"section\">\n\t\t\t\t\t\t<div class=\"elementor-container elementor-column-gap-default\">\n\t\t\t\t\t<div class=\"elementor-column elementor-col-50 elementor-inner-column elementor-element elementor-element-6559f96 ot-flex-column-vertical\" data-id=\"6559f96\" data-element_type=\"column\">\n\t\t\t<div class=\"elementor-widget-wrap elementor-element-populated\">\n\t\t\t\t\t\t<div class=\"elementor-element elementor-element-ec69149 elementor-align-center elementor-widget elementor-widget-button\" data-id=\"ec69149\" data-element_type=\"widget\" data-widget_type=\"button.default\">\n\t\t\t\t<div class=\"elementor-widget-container\">\n\t\t\t\t\t<div class=\"elementor-button-wrapper\">\n\t\t\t<a class=\"elementor-button elementor-button-link elementor-size-sm\" href=\"https:\/\/alaic.org\/wp-content\/uploads\/2023\/07\/Programacion-PRELIMINAR-SEMINARIO-BRASIL-ESPANHOL.pdf\" target=\"_blank\">\n\t\t\t\t\t\t<span class=\"elementor-button-content-wrapper\">\n\t\t\t\t\t\t\t\t\t<span class=\"elementor-button-text\">Programa\u00e7\u00e3o PRELIMINAR<\/span>\n\t\t\t\t\t<\/span>\n\t\t\t\t\t<\/a>\n\t\t<\/div>\n\t\t\t\t<\/div>\n\t\t\t\t<\/div>\n\t\t\t\t\t<\/div>\n\t\t<\/div>\n\t\t\t\t<div class=\"elementor-column elementor-col-50 elementor-inner-column elementor-element elementor-element-664f77e ot-flex-column-vertical\" data-id=\"664f77e\" data-element_type=\"column\">\n\t\t\t<div class=\"elementor-widget-wrap elementor-element-populated\">\n\t\t\t\t\t\t<div class=\"elementor-element elementor-element-fba8d48 elementor-align-center elementor-widget elementor-widget-button\" data-id=\"fba8d48\" data-element_type=\"widget\" data-widget_type=\"button.default\">\n\t\t\t\t<div class=\"elementor-widget-container\">\n\t\t\t\t\t<div class=\"elementor-button-wrapper\">\n\t\t\t<a class=\"elementor-button elementor-button-link elementor-size-sm\" href=\"https:\/\/alaic.org\/wp-content\/uploads\/2023\/07\/Circular-I-Seminario-Brasilia-260723-Espanhol-FINAL.pdf\" target=\"_blank\">\n\t\t\t\t\t\t<span class=\"elementor-button-content-wrapper\">\n\t\t\t\t\t\t\t\t\t<span class=\"elementor-button-text\">Circular I-Semin\u00e1rio-Bras\u00edlia<\/span>\n\t\t\t\t\t<\/span>\n\t\t\t\t\t<\/a>\n\t\t<\/div>\n\t\t\t\t<\/div>\n\t\t\t\t<\/div>\n\t\t\t\t\t<\/div>\n\t\t<\/div>\n\t\t\t\t\t<\/div>\n\t\t<\/section>\n\t\t\t\t\t<\/div>\n\t\t<\/div>\n\t\t\t\t\t<\/div>\n\t\t<\/section>\n\t\t\t\t<\/div>","protected":false},"excerpt":{"rendered":"<p class=\"p1\"><b>Para estudantes de p\u00f3s-gradua\u00e7\u00e3o e comunicadores populares<\/b><\/p>\n<p><span class=\"fontstyle0\">XI Semin\u00e1rio da Associa\u00e7\u00e3o Latino-Americana de Pesquisadores em Comunica\u00e7\u00e3o \u2013 (Semin\u00e1rio ALAIC 2023)<\/span><\/p>\n<p>XVII Congresso Brasileiro de Comunica\u00e7\u00e3o Cidad\u00e3 \u2013 (CBCC 2023)<\/p>\n<p><strong><span class=\"fontstyle0\">Bras\u00edlia, 3 a 7 de outubro de 2023\u00a0 <\/span><\/strong><span class=\"fontstyle2\">(Atividades presenciais e remotas)<\/span><\/p>\n<ul>\n<li><strong>Para efetuar pagamentos na Argentina, utilize o MercadoPago. <\/strong><\/li>\n<li><strong>Para o resto do mundo, use o PayPal.\u00a0<\/strong><\/li>\n<\/ul>","protected":false},"featured_media":4591,"template":"","meta":{"_bbp_topic_count":0,"_bbp_reply_count":0,"_bbp_total_topic_count":0,"_bbp_total_reply_count":0,"_bbp_voice_count":0,"_bbp_anonymous_reply_count":0,"_bbp_topic_count_hidden":0,"_bbp_reply_count_hidden":0,"_bbp_forum_subforum_count":0},"product_cat":[84],"product_tag":[],"yoast_head":"<!-- This site is optimized with the Yoast SEO plugin v22.5 - https:\/\/yoast.com\/wordpress\/plugins\/seo\/ -->\n<title>XI Seminario Alaic 2023 Estudiantes de posgrado y comunicadores populares - Alaic<\/title>\n<meta name=\"robots\" content=\"index, follow, max-snippet:-1, max-image-preview:large, max-video-preview:-1\" \/>\n<link rel=\"canonical\" href=\"https:\/\/alaic.org\/pt\/produto\/xi-seminario-alaic-2023-brasilia-del-3-al-7-de-octubre-2023\/\" \/>\n<meta property=\"og:locale\" content=\"pt_BR\" \/>\n<meta property=\"og:type\" content=\"article\" \/>\n<meta property=\"og:title\" content=\"XI Seminario Alaic 2023 Estudiantes de posgrado y comunicadores populares - Alaic\" \/>\n<meta property=\"og:description\" content=\"Para Estudiantes de posgrado y comunicadores populares XI Seminario de la Asociaci\u00f3n Latinoamericana de Investigadores de la Comunicaci\u00f3n \u2013 (Seminario ALAIC 2023)  XVII Congreso Brasile\u00f1o de Comunicaci\u00f3n Ciudadana \u2013 (CBCC 2023)  Brasilia, 3 al 07 de octubre de 2023\u00a0 (Actividades presenciales y remotas)   Para realizar pagos en Argentina, usa MercadoPago.   Para resto del mundo, usa PayPal.\u00a0\" \/>\n<meta property=\"og:url\" content=\"https:\/\/alaic.org\/pt\/produto\/xi-seminario-alaic-2023-brasilia-del-3-al-7-de-octubre-2023\/\" \/>\n<meta property=\"og:site_name\" content=\"Alaic\" \/>\n<meta property=\"article:modified_time\" content=\"2023-08-14T23:41:17+00:00\" \/>\n<meta property=\"og:image\" content=\"https:\/\/alaic.org\/wp-content\/uploads\/2023\/08\/congreso-brasil-1-1.jpg\" \/>\n\t<meta property=\"og:image:width\" content=\"582\" \/>\n\t<meta property=\"og:image:height\" content=\"582\" \/>\n\t<meta property=\"og:image:type\" content=\"image\/jpeg\" \/>\n<meta name=\"twitter:card\" content=\"summary_large_image\" \/>\n<meta name=\"twitter:label1\" content=\"Est. tempo de leitura\" \/>\n\t<meta name=\"twitter:data1\" content=\"1 minuto\" \/>\n<script type=\"application\/ld+json\" class=\"yoast-schema-graph\">{\"@context\":\"https:\/\/schema.org\",\"@graph\":[{\"@type\":\"WebPage\",\"@id\":\"https:\/\/alaic.org\/producto\/xi-seminario-alaic-2023-brasilia-del-3-al-7-de-octubre-2023\/\",\"url\":\"https:\/\/alaic.org\/producto\/xi-seminario-alaic-2023-brasilia-del-3-al-7-de-octubre-2023\/\",\"name\":\"XI Seminario Alaic 2023 Estudiantes de posgrado y comunicadores populares - Alaic\",\"isPartOf\":{\"@id\":\"https:\/\/alaic.org\/#website\"},\"primaryImageOfPage\":{\"@id\":\"https:\/\/alaic.org\/producto\/xi-seminario-alaic-2023-brasilia-del-3-al-7-de-octubre-2023\/#primaryimage\"},\"image\":{\"@id\":\"https:\/\/alaic.org\/producto\/xi-seminario-alaic-2023-brasilia-del-3-al-7-de-octubre-2023\/#primaryimage\"},\"thumbnailUrl\":\"https:\/\/alaic.org\/wp-content\/uploads\/2023\/08\/congreso-brasil-1-1.jpg\",\"datePublished\":\"2023-08-01T21:45:49+00:00\",\"dateModified\":\"2023-08-14T23:41:17+00:00\",\"breadcrumb\":{\"@id\":\"https:\/\/alaic.org\/producto\/xi-seminario-alaic-2023-brasilia-del-3-al-7-de-octubre-2023\/#breadcrumb\"},\"inLanguage\":\"pt-BR\",\"potentialAction\":[{\"@type\":\"ReadAction\",\"target\":[\"https:\/\/alaic.org\/producto\/xi-seminario-alaic-2023-brasilia-del-3-al-7-de-octubre-2023\/\"]}]},{\"@type\":\"ImageObject\",\"inLanguage\":\"pt-BR\",\"@id\":\"https:\/\/alaic.org\/producto\/xi-seminario-alaic-2023-brasilia-del-3-al-7-de-octubre-2023\/#primaryimage\",\"url\":\"https:\/\/alaic.org\/wp-content\/uploads\/2023\/08\/congreso-brasil-1-1.jpg\",\"contentUrl\":\"https:\/\/alaic.org\/wp-content\/uploads\/2023\/08\/congreso-brasil-1-1.jpg\",\"width\":582,\"height\":582},{\"@type\":\"BreadcrumbList\",\"@id\":\"https:\/\/alaic.org\/producto\/xi-seminario-alaic-2023-brasilia-del-3-al-7-de-octubre-2023\/#breadcrumb\",\"itemListElement\":[{\"@type\":\"ListItem\",\"position\":1,\"name\":\"Portada\",\"item\":\"https:\/\/alaic.org\/\"},{\"@type\":\"ListItem\",\"position\":2,\"name\":\"Tienda\",\"item\":\"https:\/\/alaic.org\/pt\/tienda\/\"},{\"@type\":\"ListItem\",\"position\":3,\"name\":\"XI Seminario Alaic 2023 Estudiantes de posgrado y comunicadores populares\"}]},{\"@type\":\"WebSite\",\"@id\":\"https:\/\/alaic.org\/#website\",\"url\":\"https:\/\/alaic.org\/\",\"name\":\"Alaic\",\"description\":\"Asociaci\u00f3n Latinoamericana de Investigadores de la Comunicaci\u00f3n\",\"publisher\":{\"@id\":\"https:\/\/alaic.org\/#organization\"},\"potentialAction\":[{\"@type\":\"SearchAction\",\"target\":{\"@type\":\"EntryPoint\",\"urlTemplate\":\"https:\/\/alaic.org\/?s={search_term_string}\"},\"query-input\":\"required name=search_term_string\"}],\"inLanguage\":\"pt-BR\"},{\"@type\":\"Organization\",\"@id\":\"https:\/\/alaic.org\/#organization\",\"name\":\"Alaic\",\"url\":\"https:\/\/alaic.org\/\",\"logo\":{\"@type\":\"ImageObject\",\"inLanguage\":\"pt-BR\",\"@id\":\"https:\/\/alaic.org\/#\/schema\/logo\/image\/\",\"url\":\"https:\/\/alaic.org\/wp-content\/uploads\/2023\/02\/imagen_2023-02-16_090402780.png\",\"contentUrl\":\"https:\/\/alaic.org\/wp-content\/uploads\/2023\/02\/imagen_2023-02-16_090402780.png\",\"width\":1220,\"height\":417,\"caption\":\"Alaic\"},\"image\":{\"@id\":\"https:\/\/alaic.org\/#\/schema\/logo\/image\/\"}}]}<\/script>\n<!-- \/ Yoast SEO plugin. -->","yoast_head_json":{"title":"XI Seminario Alaic 2023 Estudiantes de posgrado y comunicadores populares - Alaic","robots":{"index":"index","follow":"follow","max-snippet":"max-snippet:-1","max-image-preview":"max-image-preview:large","max-video-preview":"max-video-preview:-1"},"canonical":"https:\/\/alaic.org\/pt\/produto\/xi-seminario-alaic-2023-brasilia-del-3-al-7-de-octubre-2023\/","og_locale":"pt_BR","og_type":"article","og_title":"XI Seminario Alaic 2023 Estudiantes de posgrado y comunicadores populares - Alaic","og_description":"Para Estudiantes de posgrado y comunicadores populares XI Seminario de la Asociaci\u00f3n Latinoamericana de Investigadores de la Comunicaci\u00f3n \u2013 (Seminario ALAIC 2023)  XVII Congreso Brasile\u00f1o de Comunicaci\u00f3n Ciudadana \u2013 (CBCC 2023)  Brasilia, 3 al 07 de octubre de 2023\u00a0 (Actividades presenciales y remotas)   Para realizar pagos en Argentina, usa MercadoPago.   Para resto del mundo, usa PayPal.\u00a0","og_url":"https:\/\/alaic.org\/pt\/produto\/xi-seminario-alaic-2023-brasilia-del-3-al-7-de-octubre-2023\/","og_site_name":"Alaic","article_modified_time":"2023-08-14T23:41:17+00:00","og_image":[{"width":582,"height":582,"url":"https:\/\/alaic.org\/wp-content\/uploads\/2023\/08\/congreso-brasil-1-1.jpg","type":"image\/jpeg"}],"twitter_card":"summary_large_image","twitter_misc":{"Est. tempo de leitura":"1 minuto"},"schema":{"@context":"https:\/\/schema.org","@graph":[{"@type":"WebPage","@id":"https:\/\/alaic.org\/producto\/xi-seminario-alaic-2023-brasilia-del-3-al-7-de-octubre-2023\/","url":"https:\/\/alaic.org\/producto\/xi-seminario-alaic-2023-brasilia-del-3-al-7-de-octubre-2023\/","name":"XI Seminario Alaic 2023 Estudiantes de posgrado y comunicadores populares - Alaic","isPartOf":{"@id":"https:\/\/alaic.org\/#website"},"primaryImageOfPage":{"@id":"https:\/\/alaic.org\/producto\/xi-seminario-alaic-2023-brasilia-del-3-al-7-de-octubre-2023\/#primaryimage"},"image":{"@id":"https:\/\/alaic.org\/producto\/xi-seminario-alaic-2023-brasilia-del-3-al-7-de-octubre-2023\/#primaryimage"},"thumbnailUrl":"https:\/\/alaic.org\/wp-content\/uploads\/2023\/08\/congreso-brasil-1-1.jpg","datePublished":"2023-08-01T21:45:49+00:00","dateModified":"2023-08-14T23:41:17+00:00","breadcrumb":{"@id":"https:\/\/alaic.org\/producto\/xi-seminario-alaic-2023-brasilia-del-3-al-7-de-octubre-2023\/#breadcrumb"},"inLanguage":"pt-BR","potentialAction":[{"@type":"ReadAction","target":["https:\/\/alaic.org\/producto\/xi-seminario-alaic-2023-brasilia-del-3-al-7-de-octubre-2023\/"]}]},{"@type":"ImageObject","inLanguage":"pt-BR","@id":"https:\/\/alaic.org\/producto\/xi-seminario-alaic-2023-brasilia-del-3-al-7-de-octubre-2023\/#primaryimage","url":"https:\/\/alaic.org\/wp-content\/uploads\/2023\/08\/congreso-brasil-1-1.jpg","contentUrl":"https:\/\/alaic.org\/wp-content\/uploads\/2023\/08\/congreso-brasil-1-1.jpg","width":582,"height":582},{"@type":"BreadcrumbList","@id":"https:\/\/alaic.org\/producto\/xi-seminario-alaic-2023-brasilia-del-3-al-7-de-octubre-2023\/#breadcrumb","itemListElement":[{"@type":"ListItem","position":1,"name":"Portada","item":"https:\/\/alaic.org\/"},{"@type":"ListItem","position":2,"name":"Tienda","item":"https:\/\/alaic.org\/pt\/tienda\/"},{"@type":"ListItem","position":3,"name":"XI Seminario Alaic 2023 Estudiantes de posgrado y comunicadores populares"}]},{"@type":"WebSite","@id":"https:\/\/alaic.org\/#website","url":"https:\/\/alaic.org\/","name":"Alaic","description":"Asociaci\u00f3n Latinoamericana de Investigadores de la Comunicaci\u00f3n","publisher":{"@id":"https:\/\/alaic.org\/#organization"},"potentialAction":[{"@type":"SearchAction","target":{"@type":"EntryPoint","urlTemplate":"https:\/\/alaic.org\/?s={search_term_string}"},"query-input":"required name=search_term_string"}],"inLanguage":"pt-BR"},{"@type":"Organization","@id":"https:\/\/alaic.org\/#organization","name":"Alaic","url":"https:\/\/alaic.org\/","logo":{"@type":"ImageObject","inLanguage":"pt-BR","@id":"https:\/\/alaic.org\/#\/schema\/logo\/image\/","url":"https:\/\/alaic.org\/wp-content\/uploads\/2023\/02\/imagen_2023-02-16_090402780.png","contentUrl":"https:\/\/alaic.org\/wp-content\/uploads\/2023\/02\/imagen_2023-02-16_090402780.png","width":1220,"height":417,"caption":"Alaic"},"image":{"@id":"https:\/\/alaic.org\/#\/schema\/logo\/image\/"}}]}},"_links":{"self":[{"href":"https:\/\/alaic.org\/pt\/wp-json\/wp\/v2\/product\/4445"}],"collection":[{"href":"https:\/\/alaic.org\/pt\/wp-json\/wp\/v2\/product"}],"about":[{"href":"https:\/\/alaic.org\/pt\/wp-json\/wp\/v2\/types\/product"}],"version-history":[{"count":6,"href":"https:\/\/alaic.org\/pt\/wp-json\/wp\/v2\/product\/4445\/revisions"}],"predecessor-version":[{"id":4563,"href":"https:\/\/alaic.org\/pt\/wp-json\/wp\/v2\/product\/4445\/revisions\/4563"}],"wp:featuredmedia":[{"embeddable":true,"href":"https:\/\/alaic.org\/pt\/wp-json\/wp\/v2\/media\/4591"}],"wp:attachment":[{"href":"https:\/\/alaic.org\/pt\/wp-json\/wp\/v2\/media?parent=4445"}],"wp:term":[{"taxonomy":"product_cat","embeddable":true,"href":"https:\/\/alaic.org\/pt\/wp-json\/wp\/v2\/product_cat?post=4445"},{"taxonomy":"product_tag","embeddable":true,"href":"https:\/\/alaic.org\/pt\/wp-json\/wp\/v2\/product_tag?post=4445"}],"curies":[{"name":"wp","href":"https:\/\/api.w.org\/{rel}","templated":true}]}}