{"id":4236,"date":"2023-07-06T11:23:48","date_gmt":"2023-07-06T16:23:48","guid":{"rendered":"https:\/\/alaic.org\/?page_id=4236"},"modified":"2023-08-22T14:52:59","modified_gmt":"2023-08-22T19:52:59","slug":"terminos-y-condiciones","status":"publish","type":"page","link":"https:\/\/alaic.org\/pt\/terminos-y-condiciones\/","title":{"rendered":"Termos e Condi\u00e7\u00f5es"},"content":{"rendered":"<div data-elementor-type=\"wp-page\" data-elementor-id=\"4236\" class=\"elementor elementor-4236\" data-elementor-post-type=\"page\">\n\t\t\t\t<div class=\"elementor-element elementor-element-6605eea e-flex e-con-boxed e-con e-parent\" data-id=\"6605eea\" data-element_type=\"container\">\n\t\t\t\t\t<div class=\"e-con-inner\">\n\t\t\t\t<div class=\"elementor-element elementor-element-346e275 elementor-widget elementor-widget-heading\" data-id=\"346e275\" data-element_type=\"widget\" data-widget_type=\"heading.default\">\n\t\t\t\t<div class=\"elementor-widget-container\">\n\t\t\t<style>\/*! elementor - v3.21.0 - 24-04-2024 *\/\n.elementor-heading-title{padding:0;margin:0;line-height:1}.elementor-widget-heading .elementor-heading-title[class*=elementor-size-]>a{color:inherit;font-size:inherit;line-height:inherit}.elementor-widget-heading .elementor-heading-title.elementor-size-small{font-size:15px}.elementor-widget-heading .elementor-heading-title.elementor-size-medium{font-size:19px}.elementor-widget-heading .elementor-heading-title.elementor-size-large{font-size:29px}.elementor-widget-heading .elementor-heading-title.elementor-size-xl{font-size:39px}.elementor-widget-heading .elementor-heading-title.elementor-size-xxl{font-size:59px}<\/style><h2 class=\"elementor-heading-title elementor-size-default\">ALAIC \u2013 Regras gerais de conduta, privacidade e prote\u00e7\u00e3o de dados (Vers\u00e3o inicialmente aplic\u00e1vel \u00e0 realiza\u00e7\u00e3o de eventos em 2023 e tema inclu\u00eddo nas pr\u00f3ximas Assembleias da Associa\u00e7\u00e3o)<\/h2>\t\t<\/div>\n\t\t\t\t<\/div>\n\t\t\t\t<div class=\"elementor-element elementor-element-a547ade elementor-widget elementor-widget-text-editor\" data-id=\"a547ade\" data-element_type=\"widget\" data-widget_type=\"text-editor.default\">\n\t\t\t\t<div class=\"elementor-widget-container\">\n\t\t\t<style>\/*! elementor - v3.21.0 - 24-04-2024 *\/\n.elementor-widget-text-editor.elementor-drop-cap-view-stacked .elementor-drop-cap{background-color:#69727d;color:#fff}.elementor-widget-text-editor.elementor-drop-cap-view-framed .elementor-drop-cap{color:#69727d;border:3px solid;background-color:transparent}.elementor-widget-text-editor:not(.elementor-drop-cap-view-default) .elementor-drop-cap{margin-top:8px}.elementor-widget-text-editor:not(.elementor-drop-cap-view-default) .elementor-drop-cap-letter{width:1em;height:1em}.elementor-widget-text-editor .elementor-drop-cap{float:left;text-align:center;line-height:1;font-size:50px}.elementor-widget-text-editor .elementor-drop-cap-letter{display:inline-block}<\/style>\t\t\t\t<p><strong>Regulamenta\u00e7\u00f5es legais aplic\u00e1veis <br \/><\/strong>A Associa\u00e7\u00e3o Latino-Americana de Pesquisadores em Comunica\u00e7\u00e3o (ALAIC) \u00e9 uma associa\u00e7\u00e3o formalmente constitu\u00edda no Brasil e sujeita \u00e0s leis pertinentes do referido pa\u00eds.<br \/><strong>Regras de conduta<br \/><\/strong>ALAIC \u00e9 uma associa\u00e7\u00e3o criada para facilitar, promover e divulgar o interc\u00e2mbio de ideias sobre pesquisa em comunica\u00e7\u00e3o na Am\u00e9rica Latina e no mundo. Portanto, rege-se pelos seguintes princ\u00edpios:<\/p><ol><li style=\"list-style-type: none;\"><ol><li>Liberdade acad\u00eamica: a troca de ideias \u00e9 gratuita, aberta e p\u00fablica, n\u00e3o podendo ser limitada por diverg\u00eancias pessoais ou acad\u00eamicas. A discuss\u00e3o nunca deve ser sobre pessoas, mas sobre o seu trabalho.<\/li><li>Respeito irrestrito \u00e0s pessoas: discutem-se ideias, n\u00e3o pessoas; nenhum ataque pessoal ser\u00e1 tolerado; Refer\u00eancias racistas, sexistas ou discriminat\u00f3rias em geral n\u00e3o s\u00e3o aceit\u00e1veis, sejam elas dirigidas a indiv\u00edduos ou grupos. Refer\u00eancias pessoais ou familiares n\u00e3o s\u00e3o aceit\u00e1veis.<\/li><li>Respeito \u00e0 privacidade e \u00e0 prote\u00e7\u00e3o de dados: n\u00e3o discutir nada nos espa\u00e7os ALAIC remotos ou pessoais que n\u00e3o seja explicitamente permitido por outra parte, nem utilizar os espa\u00e7os ALAIC de forma que invada ou facilite a invas\u00e3o da privacidade pr\u00f3pria ou de outrem.<\/li><li>Respeito \u00e0 propriedade intelectual: usar o que pode ser usado, compartilhar o que pode ser compartilhado e, acima de tudo, reconhecer a autoria de terceiros quando for o caso. Se voc\u00ea n\u00e3o tem permiss\u00e3o, n\u00e3o deve divulg\u00e1-lo.<\/li><\/ol><\/li><\/ol><p>Os interc\u00e2mbios acad\u00eamicos em f\u00f3runs presenciais ou virtuais, espa\u00e7os digitais ou comunica\u00e7\u00f5es interpessoais promovidos ou facilitados pela ALAIC dever\u00e3o ser realizados reconhecendo o respeito aos princ\u00edpios acima mencionados como uma obriga\u00e7\u00e3o geral.<\/p><p>Os espa\u00e7os ALAIC s\u00e3o exclusivamente para fins da associa\u00e7\u00e3o. Qualquer men\u00e7\u00e3o, publica\u00e7\u00e3o ou refer\u00eancia a assuntos comerciais, pol\u00edticos ou pessoais n\u00e3o \u00e9 aceit\u00e1vel.<\/p><p>As normas legais aplic\u00e1veis ser\u00e3o tidas em conta nos casos que mere\u00e7am avalia\u00e7\u00e3o e eventual san\u00e7\u00e3o, tendo em conta a legisla\u00e7\u00e3o aplic\u00e1vel.<\/p><p>Os dados armazenados pela Associa\u00e7\u00e3o s\u00e3o utilizados apenas para uso pr\u00f3prio e para o pleno funcionamento da ALAIC, seus Grupos e demais f\u00f3runs.<\/p>\t\t\t\t\t\t<\/div>\n\t\t\t\t<\/div>\n\t\t\t\t\t<\/div>\n\t\t\t\t<\/div>\n\t\t\t\t<\/div>","protected":false},"excerpt":{"rendered":"<p>ALAIC \u2013 Normas gerais de conduta, privacidade e prote\u00e7\u00e3o de dados (Vers\u00e3o inicialmente aplic\u00e1vel \u00e0 realiza\u00e7\u00e3o de eventos em 2023 e tema inclu\u00eddo nas pr\u00f3ximas Assembleias da Associa\u00e7\u00e3o) Normas legais aplic\u00e1veis A Associa\u00e7\u00e3o Latino-Americana de Pesquisadores em Comunica\u00e7\u00e3o (ALAIC) \u00e9 formalmente uma associa\u00e7\u00e3o constitu\u00edda no Brasil e sujeita ao [\u2026]<\/p>","protected":false},"author":1,"featured_media":0,"parent":0,"menu_order":0,"comment_status":"closed","ping_status":"closed","template":"","meta":{"_bbp_topic_count":0,"_bbp_reply_count":0,"_bbp_total_topic_count":0,"_bbp_total_reply_count":0,"_bbp_voice_count":0,"_bbp_anonymous_reply_count":0,"_bbp_topic_count_hidden":0,"_bbp_reply_count_hidden":0,"_bbp_forum_subforum_count":0,"footnotes":""},"yoast_head":"<!-- This site is optimized with the Yoast SEO plugin v22.5 - https:\/\/yoast.com\/wordpress\/plugins\/seo\/ -->\n<title>T\u00e9rminos y condiciones - Alaic<\/title>\n<meta name=\"robots\" content=\"index, follow, max-snippet:-1, max-image-preview:large, max-video-preview:-1\" \/>\n<link rel=\"canonical\" href=\"https:\/\/alaic.org\/pt\/terminos-y-condiciones\/\" \/>\n<meta property=\"og:locale\" content=\"pt_BR\" \/>\n<meta property=\"og:type\" content=\"article\" \/>\n<meta property=\"og:title\" content=\"T\u00e9rminos y condiciones - Alaic\" \/>\n<meta property=\"og:description\" content=\"ALAIC &#8211; Reglas generales de conducta, privacidad y protecci\u00f3n de datos (Versi\u00f3n inicialmente aplicable a la realizaci\u00f3n de los eventos en 2023 y tema inclu\u00eddo en las pr\u00f3ximas Asambleas de la Asociaci\u00f3n) Normas legales aplicables La Asociaci\u00f3n Latinoamericana de Investigadores de la Comunicaci\u00f3n (ALAIC) es una asociaci\u00f3n constituida formalmente en Brasil y sujeta a las [&hellip;]\" \/>\n<meta property=\"og:url\" content=\"https:\/\/alaic.org\/pt\/terminos-y-condiciones\/\" \/>\n<meta property=\"og:site_name\" content=\"Alaic\" \/>\n<meta property=\"article:modified_time\" content=\"2023-08-22T19:52:59+00:00\" \/>\n<meta name=\"twitter:card\" content=\"summary_large_image\" \/>\n<meta name=\"twitter:label1\" content=\"Est. tempo de leitura\" \/>\n\t<meta name=\"twitter:data1\" content=\"2 minutos\" \/>\n<script type=\"application\/ld+json\" class=\"yoast-schema-graph\">{\"@context\":\"https:\/\/schema.org\",\"@graph\":[{\"@type\":\"WebPage\",\"@id\":\"https:\/\/alaic.org\/terminos-y-condiciones\/\",\"url\":\"https:\/\/alaic.org\/terminos-y-condiciones\/\",\"name\":\"T\u00e9rminos y condiciones - Alaic\",\"isPartOf\":{\"@id\":\"https:\/\/alaic.org\/#website\"},\"datePublished\":\"2023-07-06T16:23:48+00:00\",\"dateModified\":\"2023-08-22T19:52:59+00:00\",\"breadcrumb\":{\"@id\":\"https:\/\/alaic.org\/terminos-y-condiciones\/#breadcrumb\"},\"inLanguage\":\"pt-BR\",\"potentialAction\":[{\"@type\":\"ReadAction\",\"target\":[\"https:\/\/alaic.org\/terminos-y-condiciones\/\"]}]},{\"@type\":\"BreadcrumbList\",\"@id\":\"https:\/\/alaic.org\/terminos-y-condiciones\/#breadcrumb\",\"itemListElement\":[{\"@type\":\"ListItem\",\"position\":1,\"name\":\"Portada\",\"item\":\"https:\/\/alaic.org\/\"},{\"@type\":\"ListItem\",\"position\":2,\"name\":\"T\u00e9rminos y condiciones\"}]},{\"@type\":\"WebSite\",\"@id\":\"https:\/\/alaic.org\/#website\",\"url\":\"https:\/\/alaic.org\/\",\"name\":\"Alaic\",\"description\":\"Asociaci\u00f3n Latinoamericana de Investigadores de la Comunicaci\u00f3n\",\"publisher\":{\"@id\":\"https:\/\/alaic.org\/#organization\"},\"potentialAction\":[{\"@type\":\"SearchAction\",\"target\":{\"@type\":\"EntryPoint\",\"urlTemplate\":\"https:\/\/alaic.org\/?s={search_term_string}\"},\"query-input\":\"required name=search_term_string\"}],\"inLanguage\":\"pt-BR\"},{\"@type\":\"Organization\",\"@id\":\"https:\/\/alaic.org\/#organization\",\"name\":\"Alaic\",\"url\":\"https:\/\/alaic.org\/\",\"logo\":{\"@type\":\"ImageObject\",\"inLanguage\":\"pt-BR\",\"@id\":\"https:\/\/alaic.org\/#\/schema\/logo\/image\/\",\"url\":\"https:\/\/alaic.org\/wp-content\/uploads\/2023\/02\/imagen_2023-02-16_090402780.png\",\"contentUrl\":\"https:\/\/alaic.org\/wp-content\/uploads\/2023\/02\/imagen_2023-02-16_090402780.png\",\"width\":1220,\"height\":417,\"caption\":\"Alaic\"},\"image\":{\"@id\":\"https:\/\/alaic.org\/#\/schema\/logo\/image\/\"}}]}<\/script>\n<!-- \/ Yoast SEO plugin. -->","yoast_head_json":{"title":"T\u00e9rminos y condiciones - Alaic","robots":{"index":"index","follow":"follow","max-snippet":"max-snippet:-1","max-image-preview":"max-image-preview:large","max-video-preview":"max-video-preview:-1"},"canonical":"https:\/\/alaic.org\/pt\/terminos-y-condiciones\/","og_locale":"pt_BR","og_type":"article","og_title":"T\u00e9rminos y condiciones - Alaic","og_description":"ALAIC &#8211; Reglas generales de conducta, privacidad y protecci\u00f3n de datos (Versi\u00f3n inicialmente aplicable a la realizaci\u00f3n de los eventos en 2023 y tema inclu\u00eddo en las pr\u00f3ximas Asambleas de la Asociaci\u00f3n) Normas legales aplicables La Asociaci\u00f3n Latinoamericana de Investigadores de la Comunicaci\u00f3n (ALAIC) es una asociaci\u00f3n constituida formalmente en Brasil y sujeta a las [&hellip;]","og_url":"https:\/\/alaic.org\/pt\/terminos-y-condiciones\/","og_site_name":"Alaic","article_modified_time":"2023-08-22T19:52:59+00:00","twitter_card":"summary_large_image","twitter_misc":{"Est. tempo de leitura":"2 minutos"},"schema":{"@context":"https:\/\/schema.org","@graph":[{"@type":"WebPage","@id":"https:\/\/alaic.org\/terminos-y-condiciones\/","url":"https:\/\/alaic.org\/terminos-y-condiciones\/","name":"T\u00e9rminos y condiciones - Alaic","isPartOf":{"@id":"https:\/\/alaic.org\/#website"},"datePublished":"2023-07-06T16:23:48+00:00","dateModified":"2023-08-22T19:52:59+00:00","breadcrumb":{"@id":"https:\/\/alaic.org\/terminos-y-condiciones\/#breadcrumb"},"inLanguage":"pt-BR","potentialAction":[{"@type":"ReadAction","target":["https:\/\/alaic.org\/terminos-y-condiciones\/"]}]},{"@type":"BreadcrumbList","@id":"https:\/\/alaic.org\/terminos-y-condiciones\/#breadcrumb","itemListElement":[{"@type":"ListItem","position":1,"name":"Portada","item":"https:\/\/alaic.org\/"},{"@type":"ListItem","position":2,"name":"T\u00e9rminos y condiciones"}]},{"@type":"WebSite","@id":"https:\/\/alaic.org\/#website","url":"https:\/\/alaic.org\/","name":"Alaic","description":"Asociaci\u00f3n Latinoamericana de Investigadores de la Comunicaci\u00f3n","publisher":{"@id":"https:\/\/alaic.org\/#organization"},"potentialAction":[{"@type":"SearchAction","target":{"@type":"EntryPoint","urlTemplate":"https:\/\/alaic.org\/?s={search_term_string}"},"query-input":"required name=search_term_string"}],"inLanguage":"pt-BR"},{"@type":"Organization","@id":"https:\/\/alaic.org\/#organization","name":"Alaic","url":"https:\/\/alaic.org\/","logo":{"@type":"ImageObject","inLanguage":"pt-BR","@id":"https:\/\/alaic.org\/#\/schema\/logo\/image\/","url":"https:\/\/alaic.org\/wp-content\/uploads\/2023\/02\/imagen_2023-02-16_090402780.png","contentUrl":"https:\/\/alaic.org\/wp-content\/uploads\/2023\/02\/imagen_2023-02-16_090402780.png","width":1220,"height":417,"caption":"Alaic"},"image":{"@id":"https:\/\/alaic.org\/#\/schema\/logo\/image\/"}}]}},"_links":{"self":[{"href":"https:\/\/alaic.org\/pt\/wp-json\/wp\/v2\/pages\/4236"}],"collection":[{"href":"https:\/\/alaic.org\/pt\/wp-json\/wp\/v2\/pages"}],"about":[{"href":"https:\/\/alaic.org\/pt\/wp-json\/wp\/v2\/types\/page"}],"author":[{"embeddable":true,"href":"https:\/\/alaic.org\/pt\/wp-json\/wp\/v2\/users\/1"}],"replies":[{"embeddable":true,"href":"https:\/\/alaic.org\/pt\/wp-json\/wp\/v2\/comments?post=4236"}],"version-history":[{"count":5,"href":"https:\/\/alaic.org\/pt\/wp-json\/wp\/v2\/pages\/4236\/revisions"}],"predecessor-version":[{"id":4629,"href":"https:\/\/alaic.org\/pt\/wp-json\/wp\/v2\/pages\/4236\/revisions\/4629"}],"wp:attachment":[{"href":"https:\/\/alaic.org\/pt\/wp-json\/wp\/v2\/media?parent=4236"}],"curies":[{"name":"wp","href":"https:\/\/api.w.org\/{rel}","templated":true}]}}