{"id":3491,"date":"2023-02-20T18:02:46","date_gmt":"2023-02-20T23:02:46","guid":{"rendered":"https:\/\/alaic.org\/registrar\/"},"modified":"2025-08-07T13:47:59","modified_gmt":"2025-08-07T18:47:59","slug":"hola","status":"publish","type":"page","link":"https:\/\/alaic.org\/pt\/hola\/","title":{"rendered":"registrar"},"content":{"rendered":"<div data-elementor-type=\"wp-page\" data-elementor-id=\"3491\" class=\"elementor elementor-3491\" data-elementor-post-type=\"page\">\n\t\t\t\t\t\t<section class=\"elementor-section elementor-top-section elementor-element elementor-element-60b9dbe elementor-section-height-min-height elementor-section-boxed elementor-section-height-default elementor-section-items-middle\" data-id=\"60b9dbe\" data-element_type=\"section\">\n\t\t\t\t\t\t<div class=\"elementor-container elementor-column-gap-default\">\n\t\t\t\t\t<div class=\"elementor-column elementor-col-100 elementor-top-column elementor-element elementor-element-7f690fc ot-flex-column-vertical\" data-id=\"7f690fc\" data-element_type=\"column\">\n\t\t\t<div class=\"elementor-widget-wrap elementor-element-populated\">\n\t\t\t\t\t\t<section class=\"elementor-section elementor-inner-section elementor-element elementor-element-66c4f6f elementor-section-boxed elementor-section-height-default elementor-section-height-default\" data-id=\"66c4f6f\" data-element_type=\"section\">\n\t\t\t\t\t\t<div class=\"elementor-container elementor-column-gap-default\">\n\t\t\t\t\t<div class=\"elementor-column elementor-col-50 elementor-inner-column elementor-element elementor-element-efa90be ot-column-items-center ot-flex-column-vertical\" data-id=\"efa90be\" data-element_type=\"column\" data-settings=\"{&quot;background_background&quot;:&quot;classic&quot;}\">\n\t\t\t<div class=\"elementor-widget-wrap elementor-element-populated\">\n\t\t\t\t\t\t<div class=\"elementor-element elementor-element-05dfaf1 elementor-widget elementor-widget-text-editor\" data-id=\"05dfaf1\" data-element_type=\"widget\" data-widget_type=\"text-editor.default\">\n\t\t\t\t<div class=\"elementor-widget-container\">\n\t\t\t<style>\/*! elementor - v3.21.0 - 24-04-2024 *\/\n.elementor-widget-text-editor.elementor-drop-cap-view-stacked .elementor-drop-cap{background-color:#69727d;color:#fff}.elementor-widget-text-editor.elementor-drop-cap-view-framed .elementor-drop-cap{color:#69727d;border:3px solid;background-color:transparent}.elementor-widget-text-editor:not(.elementor-drop-cap-view-default) .elementor-drop-cap{margin-top:8px}.elementor-widget-text-editor:not(.elementor-drop-cap-view-default) .elementor-drop-cap-letter{width:1em;height:1em}.elementor-widget-text-editor .elementor-drop-cap{float:left;text-align:center;line-height:1;font-size:50px}.elementor-widget-text-editor .elementor-drop-cap-letter{display:inline-block}<\/style>\t\t\t\t<p>\t\t<div data-elementor-type=\"page\" data-elementor-id=\"4152\" class=\"elementor elementor-4152\" data-elementor-post-type=\"elementor_library\">\n\t\t\t\t\t\t<section class=\"elementor-section elementor-top-section elementor-element elementor-element-37172de2 elementor-section-height-min-height elementor-section-boxed elementor-section-height-default elementor-section-items-middle\" data-id=\"37172de2\" data-element_type=\"section\">\n\t\t\t\t\t\t<div class=\"elementor-container elementor-column-gap-default\">\n\t\t\t\t\t<div class=\"elementor-column elementor-col-100 elementor-top-column elementor-element elementor-element-2ad387bb ot-flex-column-vertical\" data-id=\"2ad387bb\" data-element_type=\"column\">\n\t\t\t<div class=\"elementor-widget-wrap elementor-element-populated\">\n\t\t\t\t\t\t<section class=\"elementor-section elementor-inner-section elementor-element elementor-element-19357ee0 elementor-section-boxed elementor-section-height-default elementor-section-height-default\" data-id=\"19357ee0\" data-element_type=\"section\">\n\t\t\t\t\t\t<div class=\"elementor-container elementor-column-gap-default\">\n\t\t\t\t\t<div class=\"elementor-column elementor-col-100 elementor-inner-column elementor-element elementor-element-199d4e0d ot-column-items-center ot-flex-column-vertical\" data-id=\"199d4e0d\" data-element_type=\"column\" data-settings=\"{&quot;background_background&quot;:&quot;classic&quot;}\">\n\t\t\t<div class=\"elementor-widget-wrap elementor-element-populated\">\n\t\t\t\t\t\t<div class=\"elementor-element elementor-element-5fe478de elementor-align-justify elementor-widget elementor-widget-button\" data-id=\"5fe478de\" data-element_type=\"widget\" data-widget_type=\"button.default\">\n\t\t\t\t<div class=\"elementor-widget-container\">\n\t\t\t\t\t<div class=\"elementor-button-wrapper\">\n\t\t\t<a class=\"elementor-button elementor-button-link elementor-size-sm\" href=\"https:\/\/alaic.org\/pt\/registrar\/bienvenido\/\">\n\t\t\t\t\t\t<span class=\"elementor-button-content-wrapper\">\n\t\t\t\t\t\t<span class=\"elementor-button-icon elementor-align-icon-left\">\n\t\t\t\t<i aria-hidden=\"true\" class=\"fas fa-user\"><\/i>\t\t\t<\/span>\n\t\t\t\t\t\t\t\t\t<span class=\"elementor-button-text\">Bem-vindo<\/span>\n\t\t\t\t\t<\/span>\n\t\t\t\t\t<\/a>\n\t\t<\/div>\n\t\t\t\t<\/div>\n\t\t\t\t<\/div>\n\t\t<!-- dce invisible element a885156 --><!-- dce invisible element 914f681 -->\t\t<div class=\"elementor-element elementor-element-67720589 elementor-align-justify elementor-widget elementor-widget-button\" data-id=\"67720589\" data-element_type=\"widget\" data-widget_type=\"button.default\">\n\t\t\t\t<div class=\"elementor-widget-container\">\n\t\t\t\t\t<div class=\"elementor-button-wrapper\">\n\t\t\t<a class=\"elementor-button elementor-button-link elementor-size-sm\" href=\"https:\/\/alaic.org\/pt\/registrar\/modifica-tu-perfil\/\">\n\t\t\t\t\t\t<span class=\"elementor-button-content-wrapper\">\n\t\t\t\t\t\t<span class=\"elementor-button-icon elementor-align-icon-left\">\n\t\t\t\t<i aria-hidden=\"true\" class=\"fas fa-user-check\"><\/i>\t\t\t<\/span>\n\t\t\t\t\t\t\t\t\t<span class=\"elementor-button-text\">Seu perfil<\/span>\n\t\t\t\t\t<\/span>\n\t\t\t\t\t<\/a>\n\t\t<\/div>\n\t\t\t\t<\/div>\n\t\t\t\t<\/div>\n\t\t<!-- dce invisible element 775cbfec -->\t\t<div class=\"elementor-element elementor-element-76111a43 elementor-align-justify elementor-widget elementor-widget-button\" data-id=\"76111a43\" data-element_type=\"widget\" data-widget_type=\"button.default\">\n\t\t\t\t<div class=\"elementor-widget-container\">\n\t\t\t\t\t<div class=\"elementor-button-wrapper\">\n\t\t\t<a class=\"elementor-button elementor-button-link elementor-size-sm\" href=\"https:\/\/alaic.org\/pt\/contenido-para-socios\/\">\n\t\t\t\t\t\t<span class=\"elementor-button-content-wrapper\">\n\t\t\t\t\t\t<span class=\"elementor-button-icon elementor-align-icon-left\">\n\t\t\t\t<i aria-hidden=\"true\" class=\"far fa-newspaper\"><\/i>\t\t\t<\/span>\n\t\t\t\t\t\t\t\t\t<span class=\"elementor-button-text\">boletins informativos<\/span>\n\t\t\t\t\t<\/span>\n\t\t\t\t\t<\/a>\n\t\t<\/div>\n\t\t\t\t<\/div>\n\t\t\t\t<\/div>\n\t\t\t\t\t<\/div>\n\t\t<\/div>\n\t\t\t\t\t<\/div>\n\t\t<\/section>\n\t\t\t\t\t<\/div>\n\t\t<\/div>\n\t\t\t\t\t<\/div>\n\t\t<\/section>\n\t\t\t\t<\/div>\n\t\t<\/p>\t\t\t\t\t\t<\/div>\n\t\t\t\t<\/div>\n\t\t\t\t\t<\/div>\n\t\t<\/div>\n\t\t\t\t<div class=\"elementor-column elementor-col-50 elementor-inner-column elementor-element elementor-element-5989ff6 ot-flex-column-vertical\" data-id=\"5989ff6\" data-element_type=\"column\">\n\t\t\t<div class=\"elementor-widget-wrap elementor-element-populated\">\n\t\t\t\t\t\t<div class=\"elementor-element elementor-element-49fca7e4 elementor-widget elementor-widget-shortcode\" data-id=\"49fca7e4\" data-element_type=\"widget\" data-widget_type=\"shortcode.default\">\n\t\t\t\t<div class=\"elementor-widget-container\">\n\t\t\t\t\t<div class=\"elementor-shortcode\">\n\t<h3 class=\"rcp_header\">\n\t\tCadastre uma conta nova\t<\/h3>\n\n<form id=\"rcp_registration_form\" class=\"rcp_form\" method=\"POST\" action=\"https:\/\/alaic.org\/pt\/wp-json\/wp\/v2\/pages\/3491\/\" data-trp-original-action=\"https:\/\/alaic.org\/pt\/wp-json\/wp\/v2\/pages\/3491\/\">\n\n\t\n\t<div class=\"rcp_login_link\">\n\t\t<p><a href=\"https:\/\/alaic.org\/wp-login.php?redirect_to=https%3A%2F%2Falaic.org%2Fpt%2Fwp-json%2Fwp%2Fv2%2Fpages%2F3491%2F\">Conecte-se<\/a> para renovar ou alterar uma associa\u00e7\u00e3o existente.<\/p>\n\t<\/div>\n\n\t\n\t<fieldset class=\"rcp_user_fieldset\">\n\t\t<p id=\"rcp_user_login_wrap\">\n\t\t\t<label for=\"rcp_user_login\">N\u00e3o me<\/label>\n\t\t\t<input name=\"rcp_user_login\" id=\"rcp_user_login\" class=\"required\" type=\"text\" \/>\n\t\t<\/p>\n\t\t<p id=\"rcp_user_email_wrap\">\n\t\t\t<label for=\"rcp_user_email\">E-mail<\/label>\n\t\t\t<input name=\"rcp_user_email\" id=\"rcp_user_email\" class=\"required\" type=\"text\" \/>\n\t\t<\/p>\n\t\t<p id=\"rcp_user_first_wrap\">\n\t\t\t<label for=\"rcp_user_first\">N\u00e3o me<\/label>\n\t\t\t<input name=\"rcp_user_first\" id=\"rcp_user_first\" type=\"text\" \/>\n\t\t<\/p>\n\t\t<p id=\"rcp_user_last_wrap\">\n\t\t\t<label for=\"rcp_user_last\">apelido<\/label>\n\t\t\t<input name=\"rcp_user_last\" id=\"rcp_user_last\" type=\"text\" \/>\n\t\t<\/p>\n\t\t<p id=\"rcp_password_wrap\">\n\t\t\t<label for=\"rcp_password\">Senha<\/label>\n\t\t\t<input name=\"rcp_user_pass\" id=\"rcp_password\" class=\"required\" type=\"password\"\/>\n\t\t<\/p>\n\t\t<p id=\"rcp_password_again_wrap\">\n\t\t\t<label for=\"rcp_password_again\">Senha de novo<\/label>\n\t\t\t<input name=\"rcp_user_pass_confirm\" id=\"rcp_password_again\" class=\"required\" type=\"password\"\/>\n\t\t<\/p>\n\n\t\t\n\t<\/fieldset>\n\t\n\t\n\t<fieldset class=\"rcp_subscription_fieldset\">\n\t\t\t\t\t\t<p class=\"rcp_subscription_message\">Escolha o seu n\u00edvel de associa\u00e7\u00e3o<\/p>\n\t\t\t\t<ul id=\"rcp_subscription_levels\">\n\t\t\t\t\t\t\t\t\t\t\t<li class=\"rcp_subscription_level rcp_subscription_level_1\">\n\t\t\t\t\t<input type=\"radio\" id=\"rcp_subscription_level_1\" class=\"required rcp_level\" checked=\"checked\" name=\"rcp_level\" rel=\"30\" value=\"1\" \/>\n\t\t\t\t\t<label for=\"rcp_subscription_level_1\">\n\t\t\t\t\t\t<span class=\"rcp_subscription_level_name\">S\u00f3cio (Pessoa F\u00edsica)<\/span><span class=\"rcp_separator\">&nbsp;-&nbsp;<\/span><span class=\"rcp_price\" rel=\"30\">&#36;30,00<\/span><span class=\"rcp_separator\">&nbsp;-&nbsp;<\/span>\n\t\t\t\t\t\t<span class=\"rcp_level_duration\">1 ano<\/span>\n\t\t\t\t\t\t\t\t\t\t\t\t<div class=\"rcp_level_description\"> <\/div>\n\t\t\t\t\t<\/label>\n\n\t\t\t\t<\/li>\n\t\t\t\t\t\t\t\t\t\t\t\t\t\t\t<li class=\"rcp_subscription_level rcp_subscription_level_2\">\n\t\t\t\t\t<input type=\"radio\" id=\"rcp_subscription_level_2\" class=\"required rcp_level\"  name=\"rcp_level\" rel=\"150\" value=\"2\" \/>\n\t\t\t\t\t<label for=\"rcp_subscription_level_2\">\n\t\t\t\t\t\t<span class=\"rcp_subscription_level_name\">Parceiro (Institui\u00e7\u00e3o ou Associa\u00e7\u00e3o)<\/span><span class=\"rcp_separator\">&nbsp;-&nbsp;<\/span><span class=\"rcp_price\" rel=\"150\">&#36;150,00<\/span><span class=\"rcp_separator\">&nbsp;-&nbsp;<\/span>\n\t\t\t\t\t\t<span class=\"rcp_level_duration\">1 ano<\/span>\n\t\t\t\t\t\t\t\t\t\t\t\t<div class=\"rcp_level_description\"> <\/div>\n\t\t\t\t\t<\/label>\n\n\t\t\t\t<\/li>\n\t\t\t\t\t\t\t\t\t\t\t\t\t\t\t<li class=\"rcp_subscription_level rcp_subscription_level_5\">\n\t\t\t\t\t<input type=\"radio\" id=\"rcp_subscription_level_5\" class=\"required rcp_level\"  name=\"rcp_level\" rel=\"0\" value=\"5\" data-duration=\"forever\"\/>\n\t\t\t\t\t<label for=\"rcp_subscription_level_5\">\n\t\t\t\t\t\t<span class=\"rcp_subscription_level_name\">Grupos Tem\u00e1ticos<\/span><span class=\"rcp_separator\">&nbsp;-&nbsp;<\/span><span class=\"rcp_price\" rel=\"0\">Livre<\/span><span class=\"rcp_separator\">&nbsp;-&nbsp;<\/span>\n\t\t\t\t\t\t<span class=\"rcp_level_duration\">Ilimitado<\/span>\n\t\t\t\t\t\t\t\t\t\t\t\t<div class=\"rcp_level_description\"> <\/div>\n\t\t\t\t\t<\/label>\n\n\t\t\t\t<\/li>\n\t\t\t\t\t\t\t\t\t\t\t\t\t\t\t<li class=\"rcp_subscription_level rcp_subscription_level_6\">\n\t\t\t\t\t<input type=\"radio\" id=\"rcp_subscription_level_6\" class=\"required rcp_level\"  name=\"rcp_level\" rel=\"60\" value=\"6\" \/>\n\t\t\t\t\t<label for=\"rcp_subscription_level_6\">\n\t\t\t\t\t\t<span class=\"rcp_subscription_level_name\">Reativa\u00e7\u00e3o de Parceiro Natural<\/span><span class=\"rcp_separator\">&nbsp;-&nbsp;<\/span><span class=\"rcp_price\" rel=\"60\">&#36;60,00<\/span><span class=\"rcp_separator\">&nbsp;-&nbsp;<\/span>\n\t\t\t\t\t\t<span class=\"rcp_level_duration\">1 ano<\/span>\n\t\t\t\t\t\t\t\t\t\t\t\t<div class=\"rcp_level_description\"> <\/div>\n\t\t\t\t\t<\/label>\n\n\t\t\t\t<\/li>\n\t\t\t\t\t\t\t\t\t\t\t\t\t\t\t<li class=\"rcp_subscription_level rcp_subscription_level_7\">\n\t\t\t\t\t<input type=\"radio\" id=\"rcp_subscription_level_7\" class=\"required rcp_level\"  name=\"rcp_level\" rel=\"300\" value=\"7\" \/>\n\t\t\t\t\t<label for=\"rcp_subscription_level_7\">\n\t\t\t\t\t\t<span class=\"rcp_subscription_level_name\">Reativa\u00e7\u00e3o de Parceiro (Institui\u00e7\u00e3o ou Associa\u00e7\u00e3o)<\/span><span class=\"rcp_separator\">&nbsp;-&nbsp;<\/span><span class=\"rcp_price\" rel=\"300\">&#36;300,00<\/span><span class=\"rcp_separator\">&nbsp;-&nbsp;<\/span>\n\t\t\t\t\t\t<span class=\"rcp_level_duration\">1 ano<\/span>\n\t\t\t\t\t\t\t\t\t\t\t\t<div class=\"rcp_level_description\"> <\/div>\n\t\t\t\t\t<\/label>\n\n\t\t\t\t<\/li>\n\t\t\t\t\t\t\t\t\t\t\t\t\t\t\t<li class=\"rcp_subscription_level rcp_subscription_level_8\">\n\t\t\t\t\t<input type=\"radio\" id=\"rcp_subscription_level_8\" class=\"required rcp_level\"  name=\"rcp_level\" rel=\"1\" value=\"8\" \/>\n\t\t\t\t\t<label for=\"rcp_subscription_level_8\">\n\t\t\t\t\t\t<span class=\"rcp_subscription_level_name\">Sub de teste<\/span><span class=\"rcp_separator\">&nbsp;-&nbsp;<\/span><span class=\"rcp_price\" rel=\"1\">&#36;1,00<\/span><span class=\"rcp_separator\">&nbsp;-&nbsp;<\/span>\n\t\t\t\t\t\t<span class=\"rcp_level_duration\">1&nbsp;M\u00eas<\/span>\n\t\t\t\t\t\t\t\t\t\t\t\t\t<span class=\"rcp_separator\">&nbsp;-&nbsp;<\/span>\n\t\t\t\t\t\t\t<span class=\"rcp_level_bill_times\">2 total payments<\/span>\n\t\t\t\t\t\t\t\t\t\t\t\t<div class=\"rcp_level_description\"> Somente modo de teste, n\u00e3o invista aqui.<\/div>\n\t\t\t\t\t<\/label>\n\n\t\t\t\t<\/li>\n\t\t\t\t\t\t\t\t\t<\/ul>\n\t\t<\/fieldset>\n\n\t\t<fieldset class=\"rcp_discounts_fieldset\">\n\t\t<p id=\"rcp_discount_code_wrap\">\n\t\t\t<label for=\"rcp_discount_code\">\n\t\t\t\tC\u00f3digo de desconto\t\t\t\t<span class=\"rcp_discount_valid\" style=\"display: none;\"> - V\u00e1lido<\/span>\n\t\t\t\t<span class=\"rcp_discount_invalid\" style=\"display: none;\"> - Inv\u00e1lido<\/span>\n\t\t\t<\/label>\n\t\t\t<span class=\"rcp_discount_code_field_wrap\">\n\t\t\t\t<input type=\"text\" id=\"rcp_discount_code\" name=\"rcp_discount\" class=\"rcp_discount_code\" value=\"\"\/>\n\t\t\t\t<button class=\"rcp_button\" id=\"rcp_apply_discount\">Aplicar<\/button>\n\t\t\t<\/span>\n\t\t<\/p>\n\t<\/fieldset>\n\t\n\t\t<div class=\"rcp_registration_total\"><\/div>\n\t\n\t<div class=\"rcp_gateway_fields\">\n\t\t\t\t\t\t\t\t\t<input type=\"hidden\" name=\"rcp_gateway\" value=\"stripe\" data-supports-recurring=\"yes\" data-supports-trial=\"yes\"\/>\n\t\t\t\t\t\t<\/div>\n\n\t\t\t<fieldset class=\"rcp_agree_to_terms_fieldset\">\n\t\t\t<p id=\"rcp_agree_to_terms_wrap\">\n\t\t\t\t<input type=\"checkbox\" id=\"rcp_agree_to_terms\" name=\"rcp_agree_to_terms\" value=\"1\">\n\t\t\t\t<label for=\"rcp_agree_to_terms\">\n\t\t\t\t\t<a href=\"https:\/\/alaic.org\/pt\/terminos-y-condiciones\/\" target=\"_blank\">Eu concordo com os Termos e Condi\u00e7\u00f5es<\/a>\t\t\t\t<\/label>\n\t\t\t<\/p>\n\t\t<\/fieldset>\n\t\n\t\t\t<fieldset class=\"rcp_agree_to_privacy_policy_fieldset\">\n\t\t\t<p id=\"rcp_agree_to_privacy_policy_wrap\">\n\t\t\t\t<input type=\"checkbox\" id=\"rcp_agree_to_privacy_policy\" name=\"rcp_agree_to_privacy_policy\" value=\"1\">\n\t\t\t\t<label for=\"rcp_agree_to_privacy_policy\">\n\t\t\t\t\t<a href=\"https:\/\/alaic.org\/pt\/politica-de-privacidad\/\" target=\"_blank\">Eu concordo com a Pol\u00edtica de Privacidade<\/a>\t\t\t\t<\/label>\n\t\t\t<\/p>\n\t\t<\/fieldset>\n\t\n\t\t\t<p id=\"rcp_auto_renew_wrap\">\n\t\t\t<input name=\"rcp_auto_renew\" id=\"rcp_auto_renew\" type=\"checkbox\" \/>\n\t\t\t<label for=\"rcp_auto_renew\">Renova\u00e7\u00e3o autom\u00e1tica<\/label>\n\t\t<\/p>\n\t\t<input type=\"hidden\" id=\"rcp-registration-type\" name=\"registration_type\" value=\"\" \/>\n\t<input type=\"hidden\" id=\"rcp-membership-id\" name=\"membership_id\" value=\"0\" \/>\n\t<input type=\"hidden\" id=\"rcp-payment-id\" name=\"rcp_registration_payment_id\" value=\"0\" \/>\n\t\n\t\n\t<p id=\"rcp_submit_wrap\">\n\t\t<input type=\"hidden\" name=\"rcp_register_nonce\" value=\"b40886e2ba\"\/>\n\t\t<input type=\"submit\" name=\"rcp_submit_registration\" id=\"rcp_submit\" class=\"rcp-button\" value=\"Cadastrar\"\/>\n\t<\/p>\n<input type=\"hidden\" name=\"trp-form-language\" value=\"pt\"\/><\/form>\n<\/div>\n\t\t\t\t<\/div>\n\t\t\t\t<\/div>\n\t\t\t\t\t<\/div>\n\t\t<\/div>\n\t\t\t\t\t<\/div>\n\t\t<\/section>\n\t\t\t\t\t<\/div>\n\t\t<\/div>\n\t\t\t\t\t<\/div>\n\t\t<\/section>\n\t\t\t\t<\/div>","protected":false},"excerpt":{"rendered":"","protected":false},"author":1,"featured_media":0,"parent":0,"menu_order":0,"comment_status":"closed","ping_status":"closed","template":"elementor_header_footer","meta":{"_bbp_topic_count":0,"_bbp_reply_count":0,"_bbp_total_topic_count":0,"_bbp_total_reply_count":0,"_bbp_voice_count":0,"_bbp_anonymous_reply_count":0,"_bbp_topic_count_hidden":0,"_bbp_reply_count_hidden":0,"_bbp_forum_subforum_count":0,"footnotes":""},"yoast_head":"<!-- This site is optimized with the Yoast SEO plugin v22.5 - https:\/\/yoast.com\/wordpress\/plugins\/seo\/ -->\n<title>Registrar - Alaic<\/title>\n<meta name=\"robots\" content=\"index, follow, max-snippet:-1, max-image-preview:large, max-video-preview:-1\" \/>\n<link rel=\"canonical\" href=\"https:\/\/alaic.org\/pt\/hola\/\" \/>\n<meta property=\"og:locale\" content=\"pt_BR\" \/>\n<meta property=\"og:type\" content=\"article\" \/>\n<meta property=\"og:title\" content=\"Registrar - Alaic\" \/>\n<meta property=\"og:url\" content=\"https:\/\/alaic.org\/pt\/hola\/\" \/>\n<meta property=\"og:site_name\" content=\"Alaic\" \/>\n<meta property=\"article:modified_time\" content=\"2025-08-07T18:47:59+00:00\" \/>\n<meta name=\"twitter:card\" content=\"summary_large_image\" \/>\n<meta name=\"twitter:label1\" content=\"Est. tempo de leitura\" \/>\n\t<meta name=\"twitter:data1\" content=\"1 minuto\" \/>\n<script type=\"application\/ld+json\" class=\"yoast-schema-graph\">{\"@context\":\"https:\/\/schema.org\",\"@graph\":[{\"@type\":\"WebPage\",\"@id\":\"https:\/\/alaic.org\/hola\/\",\"url\":\"https:\/\/alaic.org\/hola\/\",\"name\":\"Registrar - Alaic\",\"isPartOf\":{\"@id\":\"https:\/\/alaic.org\/#website\"},\"datePublished\":\"2023-02-20T23:02:46+00:00\",\"dateModified\":\"2025-08-07T18:47:59+00:00\",\"breadcrumb\":{\"@id\":\"https:\/\/alaic.org\/hola\/#breadcrumb\"},\"inLanguage\":\"pt-BR\",\"potentialAction\":[{\"@type\":\"ReadAction\",\"target\":[\"https:\/\/alaic.org\/hola\/\"]}]},{\"@type\":\"BreadcrumbList\",\"@id\":\"https:\/\/alaic.org\/hola\/#breadcrumb\",\"itemListElement\":[{\"@type\":\"ListItem\",\"position\":1,\"name\":\"Portada\",\"item\":\"https:\/\/alaic.org\/\"},{\"@type\":\"ListItem\",\"position\":2,\"name\":\"Registrar\"}]},{\"@type\":\"WebSite\",\"@id\":\"https:\/\/alaic.org\/#website\",\"url\":\"https:\/\/alaic.org\/\",\"name\":\"Alaic\",\"description\":\"Asociaci\u00f3n Latinoamericana de Investigadores de la Comunicaci\u00f3n\",\"publisher\":{\"@id\":\"https:\/\/alaic.org\/#organization\"},\"potentialAction\":[{\"@type\":\"SearchAction\",\"target\":{\"@type\":\"EntryPoint\",\"urlTemplate\":\"https:\/\/alaic.org\/?s={search_term_string}\"},\"query-input\":\"required name=search_term_string\"}],\"inLanguage\":\"pt-BR\"},{\"@type\":\"Organization\",\"@id\":\"https:\/\/alaic.org\/#organization\",\"name\":\"Alaic\",\"url\":\"https:\/\/alaic.org\/\",\"logo\":{\"@type\":\"ImageObject\",\"inLanguage\":\"pt-BR\",\"@id\":\"https:\/\/alaic.org\/#\/schema\/logo\/image\/\",\"url\":\"https:\/\/alaic.org\/wp-content\/uploads\/2023\/02\/imagen_2023-02-16_090402780.png\",\"contentUrl\":\"https:\/\/alaic.org\/wp-content\/uploads\/2023\/02\/imagen_2023-02-16_090402780.png\",\"width\":1220,\"height\":417,\"caption\":\"Alaic\"},\"image\":{\"@id\":\"https:\/\/alaic.org\/#\/schema\/logo\/image\/\"}}]}<\/script>\n<!-- \/ Yoast SEO plugin. -->","yoast_head_json":{"title":"Registrar - Alaic","robots":{"index":"index","follow":"follow","max-snippet":"max-snippet:-1","max-image-preview":"max-image-preview:large","max-video-preview":"max-video-preview:-1"},"canonical":"https:\/\/alaic.org\/pt\/hola\/","og_locale":"pt_BR","og_type":"article","og_title":"Registrar - Alaic","og_url":"https:\/\/alaic.org\/pt\/hola\/","og_site_name":"Alaic","article_modified_time":"2025-08-07T18:47:59+00:00","twitter_card":"summary_large_image","twitter_misc":{"Est. tempo de leitura":"1 minuto"},"schema":{"@context":"https:\/\/schema.org","@graph":[{"@type":"WebPage","@id":"https:\/\/alaic.org\/hola\/","url":"https:\/\/alaic.org\/hola\/","name":"Registrar - Alaic","isPartOf":{"@id":"https:\/\/alaic.org\/#website"},"datePublished":"2023-02-20T23:02:46+00:00","dateModified":"2025-08-07T18:47:59+00:00","breadcrumb":{"@id":"https:\/\/alaic.org\/hola\/#breadcrumb"},"inLanguage":"pt-BR","potentialAction":[{"@type":"ReadAction","target":["https:\/\/alaic.org\/hola\/"]}]},{"@type":"BreadcrumbList","@id":"https:\/\/alaic.org\/hola\/#breadcrumb","itemListElement":[{"@type":"ListItem","position":1,"name":"Portada","item":"https:\/\/alaic.org\/"},{"@type":"ListItem","position":2,"name":"Registrar"}]},{"@type":"WebSite","@id":"https:\/\/alaic.org\/#website","url":"https:\/\/alaic.org\/","name":"Alaic","description":"Asociaci\u00f3n Latinoamericana de Investigadores de la Comunicaci\u00f3n","publisher":{"@id":"https:\/\/alaic.org\/#organization"},"potentialAction":[{"@type":"SearchAction","target":{"@type":"EntryPoint","urlTemplate":"https:\/\/alaic.org\/?s={search_term_string}"},"query-input":"required name=search_term_string"}],"inLanguage":"pt-BR"},{"@type":"Organization","@id":"https:\/\/alaic.org\/#organization","name":"Alaic","url":"https:\/\/alaic.org\/","logo":{"@type":"ImageObject","inLanguage":"pt-BR","@id":"https:\/\/alaic.org\/#\/schema\/logo\/image\/","url":"https:\/\/alaic.org\/wp-content\/uploads\/2023\/02\/imagen_2023-02-16_090402780.png","contentUrl":"https:\/\/alaic.org\/wp-content\/uploads\/2023\/02\/imagen_2023-02-16_090402780.png","width":1220,"height":417,"caption":"Alaic"},"image":{"@id":"https:\/\/alaic.org\/#\/schema\/logo\/image\/"}}]}},"_links":{"self":[{"href":"https:\/\/alaic.org\/pt\/wp-json\/wp\/v2\/pages\/3491"}],"collection":[{"href":"https:\/\/alaic.org\/pt\/wp-json\/wp\/v2\/pages"}],"about":[{"href":"https:\/\/alaic.org\/pt\/wp-json\/wp\/v2\/types\/page"}],"author":[{"embeddable":true,"href":"https:\/\/alaic.org\/pt\/wp-json\/wp\/v2\/users\/1"}],"replies":[{"embeddable":true,"href":"https:\/\/alaic.org\/pt\/wp-json\/wp\/v2\/comments?post=3491"}],"version-history":[{"count":5,"href":"https:\/\/alaic.org\/pt\/wp-json\/wp\/v2\/pages\/3491\/revisions"}],"predecessor-version":[{"id":4309,"href":"https:\/\/alaic.org\/pt\/wp-json\/wp\/v2\/pages\/3491\/revisions\/4309"}],"wp:attachment":[{"href":"https:\/\/alaic.org\/pt\/wp-json\/wp\/v2\/media?parent=3491"}],"curies":[{"name":"wp","href":"https:\/\/api.w.org\/{rel}","templated":true}]}}