{"id":2115,"date":"2023-02-10T13:06:07","date_gmt":"2023-02-10T18:06:07","guid":{"rendered":"https:\/\/alaic.org\/?page_id=2115"},"modified":"2025-12-12T22:42:18","modified_gmt":"2025-12-13T03:42:18","slug":"estatutos-alaic","status":"publish","type":"page","link":"https:\/\/alaic.org\/pt\/estatutos-alaic\/","title":{"rendered":"Estatutos da ALAIC"},"content":{"rendered":"<div data-elementor-type=\"wp-page\" data-elementor-id=\"2115\" class=\"elementor elementor-2115\" data-elementor-post-type=\"page\">\n\t\t\t\t\t\t<section class=\"elementor-section elementor-top-section elementor-element elementor-element-49cd3a8 elementor-section-boxed elementor-section-height-default elementor-section-height-default\" data-id=\"49cd3a8\" data-element_type=\"section\">\n\t\t\t\t\t\t<div class=\"elementor-container elementor-column-gap-default\">\n\t\t\t\t\t<div class=\"elementor-column elementor-col-50 elementor-top-column elementor-element elementor-element-02f89a5 ot-flex-column-horizontal\" data-id=\"02f89a5\" data-element_type=\"column\">\n\t\t\t<div class=\"elementor-widget-wrap elementor-element-populated\">\n\t\t\t\t<div class=\"elementor-element elementor-element-680f13f e-flex e-con-boxed e-con e-parent\" data-id=\"680f13f\" data-element_type=\"container\">\n\t\t\t\t\t<div class=\"e-con-inner\">\n\t\t\t\t<div class=\"elementor-element elementor-element-63bd623 elementor-widget elementor-widget-image\" data-id=\"63bd623\" data-element_type=\"widget\" data-widget_type=\"image.default\">\n\t\t\t\t<div class=\"elementor-widget-container\">\n\t\t\t<style>\/*! elementor - v3.21.0 - 24-04-2024 *\/\n.elementor-widget-image{text-align:center}.elementor-widget-image a{display:inline-block}.elementor-widget-image a img[src$=\".svg\"]{width:48px}.elementor-widget-image img{vertical-align:middle;display:inline-block}<\/style>\t\t\t\t\t\t\t\t\t\t<img fetchpriority=\"high\" decoding=\"async\" width=\"1024\" height=\"392\" src=\"https:\/\/alaic.org\/wp-content\/uploads\/2023\/07\/Logo-Alaic-transparencia.png\" class=\"attachment-large size-large wp-image-4422\" alt=\"\" srcset=\"https:\/\/alaic.org\/wp-content\/uploads\/2023\/07\/Logo-Alaic-transparencia.png 3585w, https:\/\/alaic.org\/wp-content\/uploads\/2023\/07\/Logo-Alaic-transparencia-300x115.png 300w, https:\/\/alaic.org\/wp-content\/uploads\/2023\/07\/Logo-Alaic-transparencia-600x230.png 600w\" sizes=\"(max-width: 1024px) 100vw, 1024px\" \/>\t\t\t\t\t\t\t\t\t\t\t\t\t<\/div>\n\t\t\t\t<\/div>\n\t\t\t\t<div class=\"elementor-element elementor-element-a9b4c7c elementor-align-center elementor-widget elementor-widget-button\" data-id=\"a9b4c7c\" data-element_type=\"widget\" data-widget_type=\"button.default\">\n\t\t\t\t<div class=\"elementor-widget-container\">\n\t\t\t\t\t<div class=\"elementor-button-wrapper\">\n\t\t\t<a class=\"elementor-button elementor-button-link elementor-size-sm\" href=\"https:\/\/alaic.org\/wp-content\/uploads\/2025\/12\/ALAIC-Estatuto-2025.pdf\">\n\t\t\t\t\t\t<span class=\"elementor-button-content-wrapper\">\n\t\t\t\t\t\t\t\t\t<span class=\"elementor-button-text\">ESTATUTO ATUALIZADO 2025<\/span>\n\t\t\t\t\t<\/span>\n\t\t\t\t\t<\/a>\n\t\t<\/div>\n\t\t\t\t<\/div>\n\t\t\t\t<\/div>\n\t\t\t\t\t<\/div>\n\t\t\t\t<\/div>\n\t\t\t\t\t<\/div>\n\t\t<\/div>\n\t\t\t\t<div class=\"elementor-column elementor-col-50 elementor-top-column elementor-element elementor-element-2cbfd9b ot-flex-column-vertical\" data-id=\"2cbfd9b\" data-element_type=\"column\">\n\t\t\t<div class=\"elementor-widget-wrap elementor-element-populated\">\n\t\t\t\t\t\t<div class=\"elementor-element elementor-element-bef2565 elementor-widget elementor-widget-iheading\" data-id=\"bef2565\" data-element_type=\"widget\" data-widget_type=\"iheading.default\">\n\t\t\t\t<div class=\"elementor-widget-container\">\n\t\t\t\t\t<div class=\"ot-heading\">\r\n\t        <span class=\"is_highlight\">ALAIC<\/span>\t        <h3 class=\"main-head\">Estatutos<\/h3>\t    <\/div>\r\n\t    \t\t<\/div>\n\t\t\t\t<\/div>\n\t\t\t\t<div class=\"elementor-element elementor-element-a874372 elementor-widget elementor-widget-text-editor\" data-id=\"a874372\" data-element_type=\"widget\" data-widget_type=\"text-editor.default\">\n\t\t\t\t<div class=\"elementor-widget-container\">\n\t\t\t<style>\/*! elementor - v3.21.0 - 24-04-2024 *\/\n.elementor-widget-text-editor.elementor-drop-cap-view-stacked .elementor-drop-cap{background-color:#69727d;color:#fff}.elementor-widget-text-editor.elementor-drop-cap-view-framed .elementor-drop-cap{color:#69727d;border:3px solid;background-color:transparent}.elementor-widget-text-editor:not(.elementor-drop-cap-view-default) .elementor-drop-cap{margin-top:8px}.elementor-widget-text-editor:not(.elementor-drop-cap-view-default) .elementor-drop-cap-letter{width:1em;height:1em}.elementor-widget-text-editor .elementor-drop-cap{float:left;text-align:center;line-height:1;font-size:50px}.elementor-widget-text-editor .elementor-drop-cap-letter{display:inline-block}<\/style>\t\t\t\t<p>A Associa\u00e7\u00e3o Latino-Americana de Pesquisadores em Comunica\u00e7\u00e3o (ALAIC) \u00e9 uma organiza\u00e7\u00e3o internacional, sem fins lucrativos, cient\u00edfica e sindical que re\u00fane pesquisadores, associa\u00e7\u00f5es e institui\u00e7\u00f5es dedicadas \u00e0 pesquisa cient\u00edfica em comunica\u00e7\u00e3o, constitu\u00eddas como membros de acordo com o presente Estatuto.<\/p>\t\t\t\t\t\t<\/div>\n\t\t\t\t<\/div>\n\t\t\t\t\t<\/div>\n\t\t<\/div>\n\t\t\t\t\t<\/div>\n\t\t<\/section>\n\t\t\t\t<\/div>","protected":false},"excerpt":{"rendered":"<p>ESTATUTO ATUALIZADO 2025 Estatuto da ALAIC A Associa\u00e7\u00e3o Latino-Americana de Pesquisadores em Comunica\u00e7\u00e3o (ALAIC) \u00e9 uma organiza\u00e7\u00e3o internacional cient\u00edfica e profissional, sem fins lucrativos, que re\u00fane pesquisadores, associa\u00e7\u00f5es e institui\u00e7\u00f5es dedicadas \u00e0 pesquisa cient\u00edfica na \u00e1rea da comunica\u00e7\u00e3o, incorporadas como membros de acordo com este Estatuto.<\/p>","protected":false},"author":1,"featured_media":0,"parent":0,"menu_order":0,"comment_status":"closed","ping_status":"closed","template":"","meta":{"_bbp_topic_count":0,"_bbp_reply_count":0,"_bbp_total_topic_count":0,"_bbp_total_reply_count":0,"_bbp_voice_count":0,"_bbp_anonymous_reply_count":0,"_bbp_topic_count_hidden":0,"_bbp_reply_count_hidden":0,"_bbp_forum_subforum_count":0,"footnotes":""},"yoast_head":"<!-- This site is optimized with the Yoast SEO plugin v22.5 - https:\/\/yoast.com\/wordpress\/plugins\/seo\/ -->\n<title>Estatutos ALAIC - Alaic<\/title>\n<meta name=\"robots\" content=\"index, follow, max-snippet:-1, max-image-preview:large, max-video-preview:-1\" \/>\n<link rel=\"canonical\" href=\"https:\/\/alaic.org\/pt\/estatutos-alaic\/\" \/>\n<meta property=\"og:locale\" content=\"pt_BR\" \/>\n<meta property=\"og:type\" content=\"article\" \/>\n<meta property=\"og:title\" content=\"Estatutos ALAIC - Alaic\" \/>\n<meta property=\"og:description\" content=\"ESTATUTOS ACTUALIZADOS 2025 ALAIC Estatutos La Asociaci\u00f3n Latinoamericana de Investigadores de la Comunicaci\u00f3n (ALAIC) es un organismo internacional de car\u00e1cter cient\u00edfico y gremial, sin fines de lucro, que agrupa a investigadores, asociaciones e instituciones dedicados a la investigaci\u00f3n cient\u00edfica en materia de comunicaci\u00f3n, incorporados como miembros de acuerdo al presente Estatuto.\" \/>\n<meta property=\"og:url\" content=\"https:\/\/alaic.org\/pt\/estatutos-alaic\/\" \/>\n<meta property=\"og:site_name\" content=\"Alaic\" \/>\n<meta property=\"article:modified_time\" content=\"2025-12-13T03:42:18+00:00\" \/>\n<meta property=\"og:image\" content=\"https:\/\/alaic.org\/wp-content\/uploads\/2023\/07\/Logo-Alaic-transparencia.png\" \/>\n<meta name=\"twitter:card\" content=\"summary_large_image\" \/>\n<meta name=\"twitter:label1\" content=\"Est. tempo de leitura\" \/>\n\t<meta name=\"twitter:data1\" content=\"1 minuto\" \/>\n<script type=\"application\/ld+json\" class=\"yoast-schema-graph\">{\"@context\":\"https:\/\/schema.org\",\"@graph\":[{\"@type\":\"WebPage\",\"@id\":\"https:\/\/alaic.org\/estatutos-alaic\/\",\"url\":\"https:\/\/alaic.org\/estatutos-alaic\/\",\"name\":\"Estatutos ALAIC - Alaic\",\"isPartOf\":{\"@id\":\"https:\/\/alaic.org\/#website\"},\"primaryImageOfPage\":{\"@id\":\"https:\/\/alaic.org\/estatutos-alaic\/#primaryimage\"},\"image\":{\"@id\":\"https:\/\/alaic.org\/estatutos-alaic\/#primaryimage\"},\"thumbnailUrl\":\"https:\/\/alaic.org\/wp-content\/uploads\/2023\/07\/Logo-Alaic-transparencia.png\",\"datePublished\":\"2023-02-10T18:06:07+00:00\",\"dateModified\":\"2025-12-13T03:42:18+00:00\",\"breadcrumb\":{\"@id\":\"https:\/\/alaic.org\/estatutos-alaic\/#breadcrumb\"},\"inLanguage\":\"pt-BR\",\"potentialAction\":[{\"@type\":\"ReadAction\",\"target\":[\"https:\/\/alaic.org\/estatutos-alaic\/\"]}]},{\"@type\":\"ImageObject\",\"inLanguage\":\"pt-BR\",\"@id\":\"https:\/\/alaic.org\/estatutos-alaic\/#primaryimage\",\"url\":\"https:\/\/alaic.org\/wp-content\/uploads\/2023\/07\/Logo-Alaic-transparencia.png\",\"contentUrl\":\"https:\/\/alaic.org\/wp-content\/uploads\/2023\/07\/Logo-Alaic-transparencia.png\"},{\"@type\":\"BreadcrumbList\",\"@id\":\"https:\/\/alaic.org\/estatutos-alaic\/#breadcrumb\",\"itemListElement\":[{\"@type\":\"ListItem\",\"position\":1,\"name\":\"Portada\",\"item\":\"https:\/\/alaic.org\/\"},{\"@type\":\"ListItem\",\"position\":2,\"name\":\"Estatutos ALAIC\"}]},{\"@type\":\"WebSite\",\"@id\":\"https:\/\/alaic.org\/#website\",\"url\":\"https:\/\/alaic.org\/\",\"name\":\"Alaic\",\"description\":\"Asociaci\u00f3n Latinoamericana de Investigadores de la Comunicaci\u00f3n\",\"publisher\":{\"@id\":\"https:\/\/alaic.org\/#organization\"},\"potentialAction\":[{\"@type\":\"SearchAction\",\"target\":{\"@type\":\"EntryPoint\",\"urlTemplate\":\"https:\/\/alaic.org\/?s={search_term_string}\"},\"query-input\":\"required name=search_term_string\"}],\"inLanguage\":\"pt-BR\"},{\"@type\":\"Organization\",\"@id\":\"https:\/\/alaic.org\/#organization\",\"name\":\"Alaic\",\"url\":\"https:\/\/alaic.org\/\",\"logo\":{\"@type\":\"ImageObject\",\"inLanguage\":\"pt-BR\",\"@id\":\"https:\/\/alaic.org\/#\/schema\/logo\/image\/\",\"url\":\"https:\/\/alaic.org\/wp-content\/uploads\/2023\/02\/imagen_2023-02-16_090402780.png\",\"contentUrl\":\"https:\/\/alaic.org\/wp-content\/uploads\/2023\/02\/imagen_2023-02-16_090402780.png\",\"width\":1220,\"height\":417,\"caption\":\"Alaic\"},\"image\":{\"@id\":\"https:\/\/alaic.org\/#\/schema\/logo\/image\/\"}}]}<\/script>\n<!-- \/ Yoast SEO plugin. -->","yoast_head_json":{"title":"Estatutos ALAIC - Alaic","robots":{"index":"index","follow":"follow","max-snippet":"max-snippet:-1","max-image-preview":"max-image-preview:large","max-video-preview":"max-video-preview:-1"},"canonical":"https:\/\/alaic.org\/pt\/estatutos-alaic\/","og_locale":"pt_BR","og_type":"article","og_title":"Estatutos ALAIC - Alaic","og_description":"ESTATUTOS ACTUALIZADOS 2025 ALAIC Estatutos La Asociaci\u00f3n Latinoamericana de Investigadores de la Comunicaci\u00f3n (ALAIC) es un organismo internacional de car\u00e1cter cient\u00edfico y gremial, sin fines de lucro, que agrupa a investigadores, asociaciones e instituciones dedicados a la investigaci\u00f3n cient\u00edfica en materia de comunicaci\u00f3n, incorporados como miembros de acuerdo al presente Estatuto.","og_url":"https:\/\/alaic.org\/pt\/estatutos-alaic\/","og_site_name":"Alaic","article_modified_time":"2025-12-13T03:42:18+00:00","og_image":[{"url":"https:\/\/alaic.org\/wp-content\/uploads\/2023\/07\/Logo-Alaic-transparencia.png"}],"twitter_card":"summary_large_image","twitter_misc":{"Est. tempo de leitura":"1 minuto"},"schema":{"@context":"https:\/\/schema.org","@graph":[{"@type":"WebPage","@id":"https:\/\/alaic.org\/estatutos-alaic\/","url":"https:\/\/alaic.org\/estatutos-alaic\/","name":"Estatutos ALAIC - Alaic","isPartOf":{"@id":"https:\/\/alaic.org\/#website"},"primaryImageOfPage":{"@id":"https:\/\/alaic.org\/estatutos-alaic\/#primaryimage"},"image":{"@id":"https:\/\/alaic.org\/estatutos-alaic\/#primaryimage"},"thumbnailUrl":"https:\/\/alaic.org\/wp-content\/uploads\/2023\/07\/Logo-Alaic-transparencia.png","datePublished":"2023-02-10T18:06:07+00:00","dateModified":"2025-12-13T03:42:18+00:00","breadcrumb":{"@id":"https:\/\/alaic.org\/estatutos-alaic\/#breadcrumb"},"inLanguage":"pt-BR","potentialAction":[{"@type":"ReadAction","target":["https:\/\/alaic.org\/estatutos-alaic\/"]}]},{"@type":"ImageObject","inLanguage":"pt-BR","@id":"https:\/\/alaic.org\/estatutos-alaic\/#primaryimage","url":"https:\/\/alaic.org\/wp-content\/uploads\/2023\/07\/Logo-Alaic-transparencia.png","contentUrl":"https:\/\/alaic.org\/wp-content\/uploads\/2023\/07\/Logo-Alaic-transparencia.png"},{"@type":"BreadcrumbList","@id":"https:\/\/alaic.org\/estatutos-alaic\/#breadcrumb","itemListElement":[{"@type":"ListItem","position":1,"name":"Portada","item":"https:\/\/alaic.org\/"},{"@type":"ListItem","position":2,"name":"Estatutos ALAIC"}]},{"@type":"WebSite","@id":"https:\/\/alaic.org\/#website","url":"https:\/\/alaic.org\/","name":"Alaic","description":"Asociaci\u00f3n Latinoamericana de Investigadores de la Comunicaci\u00f3n","publisher":{"@id":"https:\/\/alaic.org\/#organization"},"potentialAction":[{"@type":"SearchAction","target":{"@type":"EntryPoint","urlTemplate":"https:\/\/alaic.org\/?s={search_term_string}"},"query-input":"required name=search_term_string"}],"inLanguage":"pt-BR"},{"@type":"Organization","@id":"https:\/\/alaic.org\/#organization","name":"Alaic","url":"https:\/\/alaic.org\/","logo":{"@type":"ImageObject","inLanguage":"pt-BR","@id":"https:\/\/alaic.org\/#\/schema\/logo\/image\/","url":"https:\/\/alaic.org\/wp-content\/uploads\/2023\/02\/imagen_2023-02-16_090402780.png","contentUrl":"https:\/\/alaic.org\/wp-content\/uploads\/2023\/02\/imagen_2023-02-16_090402780.png","width":1220,"height":417,"caption":"Alaic"},"image":{"@id":"https:\/\/alaic.org\/#\/schema\/logo\/image\/"}}]}},"_links":{"self":[{"href":"https:\/\/alaic.org\/pt\/wp-json\/wp\/v2\/pages\/2115"}],"collection":[{"href":"https:\/\/alaic.org\/pt\/wp-json\/wp\/v2\/pages"}],"about":[{"href":"https:\/\/alaic.org\/pt\/wp-json\/wp\/v2\/types\/page"}],"author":[{"embeddable":true,"href":"https:\/\/alaic.org\/pt\/wp-json\/wp\/v2\/users\/1"}],"replies":[{"embeddable":true,"href":"https:\/\/alaic.org\/pt\/wp-json\/wp\/v2\/comments?post=2115"}],"version-history":[{"count":5,"href":"https:\/\/alaic.org\/pt\/wp-json\/wp\/v2\/pages\/2115\/revisions"}],"predecessor-version":[{"id":60462,"href":"https:\/\/alaic.org\/pt\/wp-json\/wp\/v2\/pages\/2115\/revisions\/60462"}],"wp:attachment":[{"href":"https:\/\/alaic.org\/pt\/wp-json\/wp\/v2\/media?parent=2115"}],"curies":[{"name":"wp","href":"https:\/\/api.w.org\/{rel}","templated":true}]}}