{"id":1926,"date":"2023-02-10T11:57:42","date_gmt":"2023-02-10T16:57:42","guid":{"rendered":"https:\/\/alaic.org\/?page_id=1926"},"modified":"2025-08-26T17:21:29","modified_gmt":"2025-08-26T22:21:29","slug":"seminarios-de-la-asociacion","status":"publish","type":"page","link":"https:\/\/alaic.org\/pt\/seminarios-de-la-asociacion\/","title":{"rendered":"Semin\u00e1rios da Associa\u00e7\u00e3o"},"content":{"rendered":"<div data-elementor-type=\"wp-page\" data-elementor-id=\"1926\" class=\"elementor elementor-1926\" data-elementor-post-type=\"page\">\n\t\t\t\t\t\t<section class=\"elementor-section elementor-top-section elementor-element elementor-element-7e548f8 elementor-section-boxed elementor-section-height-default elementor-section-height-default\" data-id=\"7e548f8\" data-element_type=\"section\">\n\t\t\t\t\t\t<div class=\"elementor-container elementor-column-gap-default\">\n\t\t\t\t\t<div class=\"elementor-column elementor-col-50 elementor-top-column elementor-element elementor-element-9c0ebc9 ot-flex-column-vertical\" data-id=\"9c0ebc9\" data-element_type=\"column\">\n\t\t\t<div class=\"elementor-widget-wrap elementor-element-populated\">\n\t\t\t\t\t\t<div class=\"elementor-element elementor-element-283aa9b elementor-widget elementor-widget-spacer\" data-id=\"283aa9b\" data-element_type=\"widget\" data-widget_type=\"spacer.default\">\n\t\t\t\t<div class=\"elementor-widget-container\">\n\t\t\t<style>\/*! elementor - v3.21.0 - 24-04-2024 *\/\n.elementor-column .elementor-spacer-inner{height:var(--spacer-size)}.e-con{--container-widget-width:100%}.e-con-inner>.elementor-widget-spacer,.e-con>.elementor-widget-spacer{width:var(--container-widget-width,var(--spacer-size));--align-self:var(--container-widget-align-self,initial);--flex-shrink:0}.e-con-inner>.elementor-widget-spacer>.elementor-widget-container,.e-con>.elementor-widget-spacer>.elementor-widget-container{height:100%;width:100%}.e-con-inner>.elementor-widget-spacer>.elementor-widget-container>.elementor-spacer,.e-con>.elementor-widget-spacer>.elementor-widget-container>.elementor-spacer{height:100%}.e-con-inner>.elementor-widget-spacer>.elementor-widget-container>.elementor-spacer>.elementor-spacer-inner,.e-con>.elementor-widget-spacer>.elementor-widget-container>.elementor-spacer>.elementor-spacer-inner{height:var(--container-widget-height,var(--spacer-size))}.e-con-inner>.elementor-widget-spacer.elementor-widget-empty,.e-con>.elementor-widget-spacer.elementor-widget-empty{position:relative;min-height:22px;min-width:22px}.e-con-inner>.elementor-widget-spacer.elementor-widget-empty .elementor-widget-empty-icon,.e-con>.elementor-widget-spacer.elementor-widget-empty .elementor-widget-empty-icon{position:absolute;top:0;bottom:0;left:0;right:0;margin:auto;padding:0;width:22px;height:22px}<\/style>\t\t<div class=\"elementor-spacer\">\n\t\t\t<div class=\"elementor-spacer-inner\"><\/div>\n\t\t<\/div>\n\t\t\t\t<\/div>\n\t\t\t\t<\/div>\n\t\t\t\t<div class=\"elementor-element elementor-element-2b49eda elementor-widget elementor-widget-iheading\" data-id=\"2b49eda\" data-element_type=\"widget\" data-widget_type=\"iheading.default\">\n\t\t\t\t<div class=\"elementor-widget-container\">\n\t\t\t\t\t<div class=\"ot-heading\">\r\n\t        <span class=\"is_highlight\">ALAIC<\/span>\t        <h3 class=\"main-head\">Semin\u00e1rios da Associa\u00e7\u00e3o<\/h3>\t    <\/div>\r\n\t    \t\t<\/div>\n\t\t\t\t<\/div>\n\t\t\t\t<div class=\"elementor-element elementor-element-befd9ed elementor-widget elementor-widget-text-editor\" data-id=\"befd9ed\" data-element_type=\"widget\" data-widget_type=\"text-editor.default\">\n\t\t\t\t<div class=\"elementor-widget-container\">\n\t\t\t<style>\/*! elementor - v3.21.0 - 24-04-2024 *\/\n.elementor-widget-text-editor.elementor-drop-cap-view-stacked .elementor-drop-cap{background-color:#69727d;color:#fff}.elementor-widget-text-editor.elementor-drop-cap-view-framed .elementor-drop-cap{color:#69727d;border:3px solid;background-color:transparent}.elementor-widget-text-editor:not(.elementor-drop-cap-view-default) .elementor-drop-cap{margin-top:8px}.elementor-widget-text-editor:not(.elementor-drop-cap-view-default) .elementor-drop-cap-letter{width:1em;height:1em}.elementor-widget-text-editor .elementor-drop-cap{float:left;text-align:center;line-height:1;font-size:50px}.elementor-widget-text-editor .elementor-drop-cap-letter{display:inline-block}<\/style>\t\t\t\t<p data-start=\"114\" data-end=\"538\">A cada dois anos, desde 1999, a Associa\u00e7\u00e3o Latino-Americana de Pesquisadores em Comunica\u00e7\u00e3o (ALAIC) re\u00fane seus membros para um importante Semin\u00e1rio Acad\u00eamico. Este evento promove a reflex\u00e3o coletiva sobre um tema central da comunica\u00e7\u00e3o, incentiva a discuss\u00e3o e a troca de conhecimento e contribui para o crescimento da produ\u00e7\u00e3o cient\u00edfica por meio dos artigos apresentados por seus grupos de trabalho.<\/p>\t\t\t\t\t\t<\/div>\n\t\t\t\t<\/div>\n\t\t\t\t\t<\/div>\n\t\t<\/div>\n\t\t\t\t<div class=\"elementor-column elementor-col-50 elementor-top-column elementor-element elementor-element-0f618e1 ot-flex-column-vertical\" data-id=\"0f618e1\" data-element_type=\"column\">\n\t\t\t<div class=\"elementor-widget-wrap elementor-element-populated\">\n\t\t\t\t\t\t<div class=\"elementor-element elementor-element-e6c6f78 elementor-widget elementor-widget-spacer\" data-id=\"e6c6f78\" data-element_type=\"widget\" data-widget_type=\"spacer.default\">\n\t\t\t\t<div class=\"elementor-widget-container\">\n\t\t\t\t\t<div class=\"elementor-spacer\">\n\t\t\t<div class=\"elementor-spacer-inner\"><\/div>\n\t\t<\/div>\n\t\t\t\t<\/div>\n\t\t\t\t<\/div>\n\t\t\t\t<div class=\"elementor-element elementor-element-83cbf59 elementor-position-left elementor-view-default elementor-mobile-position-top elementor-vertical-align-top elementor-widget elementor-widget-icon-box\" data-id=\"83cbf59\" data-element_type=\"widget\" data-widget_type=\"icon-box.default\">\n\t\t\t\t<div class=\"elementor-widget-container\">\n\t\t\t<link rel=\"stylesheet\" href=\"https:\/\/alaic.org\/wp-content\/plugins\/elementor\/assets\/css\/widget-icon-box.min.css\">\t\t<div class=\"elementor-icon-box-wrapper\">\n\n\t\t\t\t\t\t<div class=\"elementor-icon-box-icon\">\n\t\t\t\t<span  class=\"elementor-icon elementor-animation-\">\n\t\t\t\t<i aria-hidden=\"true\" class=\"fas fa-check\"><\/i>\t\t\t\t<\/span>\n\t\t\t<\/div>\n\t\t\t\n\t\t\t\t\t\t<div class=\"elementor-icon-box-content\">\n\n\t\t\t\t\t\t\t\t\t<h3 class=\"elementor-icon-box-title\">\n\t\t\t\t\t\t<span  >\n\t\t\t\t\t\t\t1999 \u2013 I Semin\u00e1rio\t\t\t\t\t\t<\/span>\n\t\t\t\t\t<\/h3>\n\t\t\t\t\n\t\t\t\t\t\t\t\t\t<p class=\"elementor-icon-box-description\">\n\t\t\t\t\t\t(Cochabamba, Bol\u00edvia)\t\t\t\t\t<\/p>\n\t\t\t\t\n\t\t\t<\/div>\n\t\t\t\n\t\t<\/div>\n\t\t\t\t<\/div>\n\t\t\t\t<\/div>\n\t\t\t\t<div class=\"elementor-element elementor-element-cf5b0a9 elementor-position-left elementor-view-default elementor-mobile-position-top elementor-vertical-align-top elementor-widget elementor-widget-icon-box\" data-id=\"cf5b0a9\" data-element_type=\"widget\" data-widget_type=\"icon-box.default\">\n\t\t\t\t<div class=\"elementor-widget-container\">\n\t\t\t\t\t<div class=\"elementor-icon-box-wrapper\">\n\n\t\t\t\t\t\t<div class=\"elementor-icon-box-icon\">\n\t\t\t\t<span  class=\"elementor-icon elementor-animation-\">\n\t\t\t\t<i aria-hidden=\"true\" class=\"fas fa-check\"><\/i>\t\t\t\t<\/span>\n\t\t\t<\/div>\n\t\t\t\n\t\t\t\t\t\t<div class=\"elementor-icon-box-content\">\n\n\t\t\t\t\t\t\t\t\t<h3 class=\"elementor-icon-box-title\">\n\t\t\t\t\t\t<span  >\n\t\t\t\t\t\t\t2001 \u2013 II Semin\u00e1rio\t\t\t\t\t\t<\/span>\n\t\t\t\t\t<\/h3>\n\t\t\t\t\n\t\t\t\t\t\t\t\t\t<p class=\"elementor-icon-box-description\">\n\t\t\t\t\t\t(La Plata, Argentina)\t\t\t\t\t<\/p>\n\t\t\t\t\n\t\t\t<\/div>\n\t\t\t\n\t\t<\/div>\n\t\t\t\t<\/div>\n\t\t\t\t<\/div>\n\t\t\t\t<div class=\"elementor-element elementor-element-409964e elementor-position-left elementor-view-default elementor-mobile-position-top elementor-vertical-align-top elementor-widget elementor-widget-icon-box\" data-id=\"409964e\" data-element_type=\"widget\" data-widget_type=\"icon-box.default\">\n\t\t\t\t<div class=\"elementor-widget-container\">\n\t\t\t\t\t<div class=\"elementor-icon-box-wrapper\">\n\n\t\t\t\t\t\t<div class=\"elementor-icon-box-icon\">\n\t\t\t\t<span  class=\"elementor-icon elementor-animation-\">\n\t\t\t\t<i aria-hidden=\"true\" class=\"fas fa-check\"><\/i>\t\t\t\t<\/span>\n\t\t\t<\/div>\n\t\t\t\n\t\t\t\t\t\t<div class=\"elementor-icon-box-content\">\n\n\t\t\t\t\t\t\t\t\t<h3 class=\"elementor-icon-box-title\">\n\t\t\t\t\t\t<span  >\n\t\t\t\t\t\t\t2005 \u2013 III Semin\u00e1rio\t\t\t\t\t\t<\/span>\n\t\t\t\t\t<\/h3>\n\t\t\t\t\n\t\t\t\t\t\t\t\t\t<p class=\"elementor-icon-box-description\">\n\t\t\t\t\t\t(S\u00e3o Paulo, Brasil)\t\t\t\t\t<\/p>\n\t\t\t\t\n\t\t\t<\/div>\n\t\t\t\n\t\t<\/div>\n\t\t\t\t<\/div>\n\t\t\t\t<\/div>\n\t\t\t\t<div class=\"elementor-element elementor-element-d73b789 elementor-position-left elementor-view-default elementor-mobile-position-top elementor-vertical-align-top elementor-widget elementor-widget-icon-box\" data-id=\"d73b789\" data-element_type=\"widget\" data-widget_type=\"icon-box.default\">\n\t\t\t\t<div class=\"elementor-widget-container\">\n\t\t\t\t\t<div class=\"elementor-icon-box-wrapper\">\n\n\t\t\t\t\t\t<div class=\"elementor-icon-box-icon\">\n\t\t\t\t<span  class=\"elementor-icon elementor-animation-\">\n\t\t\t\t<i aria-hidden=\"true\" class=\"fas fa-check\"><\/i>\t\t\t\t<\/span>\n\t\t\t<\/div>\n\t\t\t\n\t\t\t\t\t\t<div class=\"elementor-icon-box-content\">\n\n\t\t\t\t\t\t\t\t\t<h3 class=\"elementor-icon-box-title\">\n\t\t\t\t\t\t<span  >\n\t\t\t\t\t\t\t2007 \u2013 IV Semin\u00e1rio\t\t\t\t\t\t<\/span>\n\t\t\t\t\t<\/h3>\n\t\t\t\t\n\t\t\t\t\t\t\t\t\t<p class=\"elementor-icon-box-description\">\n\t\t\t\t\t\t(La Paz, Bol\u00edvia)\t\t\t\t\t<\/p>\n\t\t\t\t\n\t\t\t<\/div>\n\t\t\t\n\t\t<\/div>\n\t\t\t\t<\/div>\n\t\t\t\t<\/div>\n\t\t\t\t<div class=\"elementor-element elementor-element-9e40f66 elementor-position-left elementor-view-default elementor-mobile-position-top elementor-vertical-align-top elementor-widget elementor-widget-icon-box\" data-id=\"9e40f66\" data-element_type=\"widget\" data-widget_type=\"icon-box.default\">\n\t\t\t\t<div class=\"elementor-widget-container\">\n\t\t\t\t\t<div class=\"elementor-icon-box-wrapper\">\n\n\t\t\t\t\t\t<div class=\"elementor-icon-box-icon\">\n\t\t\t\t<span  class=\"elementor-icon elementor-animation-\">\n\t\t\t\t<i aria-hidden=\"true\" class=\"fas fa-check\"><\/i>\t\t\t\t<\/span>\n\t\t\t<\/div>\n\t\t\t\n\t\t\t\t\t\t<div class=\"elementor-icon-box-content\">\n\n\t\t\t\t\t\t\t\t\t<h3 class=\"elementor-icon-box-title\">\n\t\t\t\t\t\t<span  >\n\t\t\t\t\t\t\t2009 \u2013 V Semin\u00e1rio\t\t\t\t\t\t<\/span>\n\t\t\t\t\t<\/h3>\n\t\t\t\t\n\t\t\t\t\t\t\t\t\t<p class=\"elementor-icon-box-description\">\n\t\t\t\t\t\t(Caracas Venezuela)\t\t\t\t\t<\/p>\n\t\t\t\t\n\t\t\t<\/div>\n\t\t\t\n\t\t<\/div>\n\t\t\t\t<\/div>\n\t\t\t\t<\/div>\n\t\t\t\t<div class=\"elementor-element elementor-element-e520755 elementor-position-left elementor-view-default elementor-mobile-position-top elementor-vertical-align-top elementor-widget elementor-widget-icon-box\" data-id=\"e520755\" data-element_type=\"widget\" data-widget_type=\"icon-box.default\">\n\t\t\t\t<div class=\"elementor-widget-container\">\n\t\t\t\t\t<div class=\"elementor-icon-box-wrapper\">\n\n\t\t\t\t\t\t<div class=\"elementor-icon-box-icon\">\n\t\t\t\t<span  class=\"elementor-icon elementor-animation-\">\n\t\t\t\t<i aria-hidden=\"true\" class=\"fas fa-check\"><\/i>\t\t\t\t<\/span>\n\t\t\t<\/div>\n\t\t\t\n\t\t\t\t\t\t<div class=\"elementor-icon-box-content\">\n\n\t\t\t\t\t\t\t\t\t<h3 class=\"elementor-icon-box-title\">\n\t\t\t\t\t\t<span  >\n\t\t\t\t\t\t\t2011 \u2013 VI Semin\u00e1rio\t\t\t\t\t\t<\/span>\n\t\t\t\t\t<\/h3>\n\t\t\t\t\n\t\t\t\t\t\t\t\t\t<p class=\"elementor-icon-box-description\">\n\t\t\t\t\t\t(S\u00e3o Paulo, Brasil)\t\t\t\t\t<\/p>\n\t\t\t\t\n\t\t\t<\/div>\n\t\t\t\n\t\t<\/div>\n\t\t\t\t<\/div>\n\t\t\t\t<\/div>\n\t\t\t\t<div class=\"elementor-element elementor-element-6743d60 elementor-position-left elementor-view-default elementor-mobile-position-top elementor-vertical-align-top elementor-widget elementor-widget-icon-box\" data-id=\"6743d60\" data-element_type=\"widget\" data-widget_type=\"icon-box.default\">\n\t\t\t\t<div class=\"elementor-widget-container\">\n\t\t\t\t\t<div class=\"elementor-icon-box-wrapper\">\n\n\t\t\t\t\t\t<div class=\"elementor-icon-box-icon\">\n\t\t\t\t<span  class=\"elementor-icon elementor-animation-\">\n\t\t\t\t<i aria-hidden=\"true\" class=\"fas fa-check\"><\/i>\t\t\t\t<\/span>\n\t\t\t<\/div>\n\t\t\t\n\t\t\t\t\t\t<div class=\"elementor-icon-box-content\">\n\n\t\t\t\t\t\t\t\t\t<h3 class=\"elementor-icon-box-title\">\n\t\t\t\t\t\t<span  >\n\t\t\t\t\t\t\t2013 \u2013 VII Semin\u00e1rio\t\t\t\t\t\t<\/span>\n\t\t\t\t\t<\/h3>\n\t\t\t\t\n\t\t\t\t\t\t\t\t\t<p class=\"elementor-icon-box-description\">\n\t\t\t\t\t\t2013 \u2013 VII Semin\u00e1rio\t\t\t\t\t<\/p>\n\t\t\t\t\n\t\t\t<\/div>\n\t\t\t\n\t\t<\/div>\n\t\t\t\t<\/div>\n\t\t\t\t<\/div>\n\t\t\t\t<div class=\"elementor-element elementor-element-7fca034 elementor-position-left elementor-view-default elementor-mobile-position-top elementor-vertical-align-top elementor-widget elementor-widget-icon-box\" data-id=\"7fca034\" data-element_type=\"widget\" data-widget_type=\"icon-box.default\">\n\t\t\t\t<div class=\"elementor-widget-container\">\n\t\t\t\t\t<div class=\"elementor-icon-box-wrapper\">\n\n\t\t\t\t\t\t<div class=\"elementor-icon-box-icon\">\n\t\t\t\t<span  class=\"elementor-icon elementor-animation-\">\n\t\t\t\t<i aria-hidden=\"true\" class=\"fas fa-check\"><\/i>\t\t\t\t<\/span>\n\t\t\t<\/div>\n\t\t\t\n\t\t\t\t\t\t<div class=\"elementor-icon-box-content\">\n\n\t\t\t\t\t\t\t\t\t<h3 class=\"elementor-icon-box-title\">\n\t\t\t\t\t\t<span  >\n\t\t\t\t\t\t\tSemin\u00e1rio 2015-VIII\t\t\t\t\t\t<\/span>\n\t\t\t\t\t<\/h3>\n\t\t\t\t\n\t\t\t\t\t\t\t\t\t<p class=\"elementor-icon-box-description\">\n\t\t\t\t\t\t(San Juan Porto Rico)\t\t\t\t\t<\/p>\n\t\t\t\t\n\t\t\t<\/div>\n\t\t\t\n\t\t<\/div>\n\t\t\t\t<\/div>\n\t\t\t\t<\/div>\n\t\t\t\t<div class=\"elementor-element elementor-element-3254bf7 elementor-position-left elementor-view-default elementor-mobile-position-top elementor-vertical-align-top elementor-widget elementor-widget-icon-box\" data-id=\"3254bf7\" data-element_type=\"widget\" data-widget_type=\"icon-box.default\">\n\t\t\t\t<div class=\"elementor-widget-container\">\n\t\t\t\t\t<div class=\"elementor-icon-box-wrapper\">\n\n\t\t\t\t\t\t<div class=\"elementor-icon-box-icon\">\n\t\t\t\t<span  class=\"elementor-icon elementor-animation-\">\n\t\t\t\t<i aria-hidden=\"true\" class=\"fas fa-check\"><\/i>\t\t\t\t<\/span>\n\t\t\t<\/div>\n\t\t\t\n\t\t\t\t\t\t<div class=\"elementor-icon-box-content\">\n\n\t\t\t\t\t\t\t\t\t<h3 class=\"elementor-icon-box-title\">\n\t\t\t\t\t\t<span  >\n\t\t\t\t\t\t\t2015- VIII Semin\u00e1rio\t\t\t\t\t\t<\/span>\n\t\t\t\t\t<\/h3>\n\t\t\t\t\n\t\t\t\t\t\t\t\t\t<p class=\"elementor-icon-box-description\">\n\t\t\t\t\t\t(C\u00f3rdoba Argentina)\t\t\t\t\t<\/p>\n\t\t\t\t\n\t\t\t<\/div>\n\t\t\t\n\t\t<\/div>\n\t\t\t\t<\/div>\n\t\t\t\t<\/div>\n\t\t\t\t\t<\/div>\n\t\t<\/div>\n\t\t\t\t\t<\/div>\n\t\t<\/section>\n\t\t\t\t<section class=\"elementor-section elementor-top-section elementor-element elementor-element-a9660c6 elementor-section-boxed elementor-section-height-default elementor-section-height-default\" data-id=\"a9660c6\" data-element_type=\"section\">\n\t\t\t\t\t\t<div class=\"elementor-container elementor-column-gap-default\">\n\t\t\t\t\t<div class=\"elementor-column elementor-col-100 elementor-top-column elementor-element elementor-element-3ec8e59 ot-flex-column-vertical\" data-id=\"3ec8e59\" data-element_type=\"column\">\n\t\t\t<div class=\"elementor-widget-wrap elementor-element-populated\">\n\t\t\t\t\t\t<div class=\"elementor-element elementor-element-e5ceaa4 elementor-widget elementor-widget-spacer\" data-id=\"e5ceaa4\" data-element_type=\"widget\" data-widget_type=\"spacer.default\">\n\t\t\t\t<div class=\"elementor-widget-container\">\n\t\t\t\t\t<div class=\"elementor-spacer\">\n\t\t\t<div class=\"elementor-spacer-inner\"><\/div>\n\t\t<\/div>\n\t\t\t\t<\/div>\n\t\t\t\t<\/div>\n\t\t\t\t<div class=\"elementor-element elementor-element-ac9aab2 elementor-widget elementor-widget-image\" data-id=\"ac9aab2\" data-element_type=\"widget\" data-widget_type=\"image.default\">\n\t\t\t\t<div class=\"elementor-widget-container\">\n\t\t\t<style>\/*! elementor - v3.21.0 - 24-04-2024 *\/\n.elementor-widget-image{text-align:center}.elementor-widget-image a{display:inline-block}.elementor-widget-image a img[src$=\".svg\"]{width:48px}.elementor-widget-image img{vertical-align:middle;display:inline-block}<\/style>\t\t\t\t\t\t\t\t\t\t<img fetchpriority=\"high\" decoding=\"async\" width=\"1024\" height=\"303\" src=\"https:\/\/alaic.org\/wp-content\/uploads\/2023\/02\/Captura-256-1024x303.png\" class=\"attachment-large size-large wp-image-2622\" alt=\"\" srcset=\"https:\/\/alaic.org\/wp-content\/uploads\/2023\/02\/Captura-256-1024x303.png 1024w, https:\/\/alaic.org\/wp-content\/uploads\/2023\/02\/Captura-256-300x89.png 300w, https:\/\/alaic.org\/wp-content\/uploads\/2023\/02\/Captura-256-768x227.png 768w, https:\/\/alaic.org\/wp-content\/uploads\/2023\/02\/Captura-256.png 1176w\" sizes=\"(max-width: 1024px) 100vw, 1024px\" \/>\t\t\t\t\t\t\t\t\t\t\t\t\t<\/div>\n\t\t\t\t<\/div>\n\t\t\t\t\t<\/div>\n\t\t<\/div>\n\t\t\t\t\t<\/div>\n\t\t<\/section>\n\t\t\t\t<\/div>","protected":false},"excerpt":{"rendered":"<p>Semin\u00e1rios da Associa\u00e7\u00e3o ALAIC A cada dois anos, desde 1999, a Associa\u00e7\u00e3o Latino-Americana de Pesquisadores em Comunica\u00e7\u00e3o (ALAIC) re\u00fane seus membros para um importante Semin\u00e1rio Acad\u00eamico. Este evento promove a reflex\u00e3o coletiva sobre um tema central da comunica\u00e7\u00e3o, incentiva a discuss\u00e3o e a troca de conhecimento e contribui para o crescimento de [\u2026]<\/p>","protected":false},"author":1,"featured_media":0,"parent":0,"menu_order":0,"comment_status":"closed","ping_status":"closed","template":"","meta":{"_bbp_topic_count":0,"_bbp_reply_count":0,"_bbp_total_topic_count":0,"_bbp_total_reply_count":0,"_bbp_voice_count":0,"_bbp_anonymous_reply_count":0,"_bbp_topic_count_hidden":0,"_bbp_reply_count_hidden":0,"_bbp_forum_subforum_count":0,"footnotes":""},"yoast_head":"<!-- This site is optimized with the Yoast SEO plugin v22.5 - https:\/\/yoast.com\/wordpress\/plugins\/seo\/ -->\n<title>Seminarios de la Asociaci\u00f3n - Alaic<\/title>\n<meta name=\"robots\" content=\"index, follow, max-snippet:-1, max-image-preview:large, max-video-preview:-1\" \/>\n<link rel=\"canonical\" href=\"https:\/\/alaic.org\/pt\/seminarios-de-la-asociacion\/\" \/>\n<meta property=\"og:locale\" content=\"pt_BR\" \/>\n<meta property=\"og:type\" content=\"article\" \/>\n<meta property=\"og:title\" content=\"Seminarios de la Asociaci\u00f3n - Alaic\" \/>\n<meta property=\"og:description\" content=\"ALAIC Seminarios de la Asociaci\u00f3n Cada dos a\u00f1os, desde 1999, la Asociaci\u00f3n Latinoamericana de Investigadores de la Comunicaci\u00f3n (ALAIC) re\u00fane a sus miembros en un gran Seminario Acad\u00e9mico. Este espacio promueve la reflexi\u00f3n colectiva en torno a un tema central de la comunicaci\u00f3n, fomenta la discusi\u00f3n y el intercambio de conocimientos, y contribuye al crecimiento [&hellip;]\" \/>\n<meta property=\"og:url\" content=\"https:\/\/alaic.org\/pt\/seminarios-de-la-asociacion\/\" \/>\n<meta property=\"og:site_name\" content=\"Alaic\" \/>\n<meta property=\"article:modified_time\" content=\"2025-08-26T22:21:29+00:00\" \/>\n<meta property=\"og:image\" content=\"https:\/\/alaic.org\/wp-content\/uploads\/2023\/02\/Captura-256-1024x303.png\" \/>\n<meta name=\"twitter:card\" content=\"summary_large_image\" \/>\n<meta name=\"twitter:label1\" content=\"Est. tempo de leitura\" \/>\n\t<meta name=\"twitter:data1\" content=\"1 minuto\" \/>\n<script type=\"application\/ld+json\" class=\"yoast-schema-graph\">{\"@context\":\"https:\/\/schema.org\",\"@graph\":[{\"@type\":\"WebPage\",\"@id\":\"https:\/\/alaic.org\/seminarios-de-la-asociacion\/\",\"url\":\"https:\/\/alaic.org\/seminarios-de-la-asociacion\/\",\"name\":\"Seminarios de la Asociaci\u00f3n - Alaic\",\"isPartOf\":{\"@id\":\"https:\/\/alaic.org\/#website\"},\"primaryImageOfPage\":{\"@id\":\"https:\/\/alaic.org\/seminarios-de-la-asociacion\/#primaryimage\"},\"image\":{\"@id\":\"https:\/\/alaic.org\/seminarios-de-la-asociacion\/#primaryimage\"},\"thumbnailUrl\":\"https:\/\/alaic.org\/wp-content\/uploads\/2023\/02\/Captura-256-1024x303.png\",\"datePublished\":\"2023-02-10T16:57:42+00:00\",\"dateModified\":\"2025-08-26T22:21:29+00:00\",\"breadcrumb\":{\"@id\":\"https:\/\/alaic.org\/seminarios-de-la-asociacion\/#breadcrumb\"},\"inLanguage\":\"pt-BR\",\"potentialAction\":[{\"@type\":\"ReadAction\",\"target\":[\"https:\/\/alaic.org\/seminarios-de-la-asociacion\/\"]}]},{\"@type\":\"ImageObject\",\"inLanguage\":\"pt-BR\",\"@id\":\"https:\/\/alaic.org\/seminarios-de-la-asociacion\/#primaryimage\",\"url\":\"https:\/\/alaic.org\/wp-content\/uploads\/2023\/02\/Captura-256-1024x303.png\",\"contentUrl\":\"https:\/\/alaic.org\/wp-content\/uploads\/2023\/02\/Captura-256-1024x303.png\"},{\"@type\":\"BreadcrumbList\",\"@id\":\"https:\/\/alaic.org\/seminarios-de-la-asociacion\/#breadcrumb\",\"itemListElement\":[{\"@type\":\"ListItem\",\"position\":1,\"name\":\"Portada\",\"item\":\"https:\/\/alaic.org\/\"},{\"@type\":\"ListItem\",\"position\":2,\"name\":\"Seminarios de la Asociaci\u00f3n\"}]},{\"@type\":\"WebSite\",\"@id\":\"https:\/\/alaic.org\/#website\",\"url\":\"https:\/\/alaic.org\/\",\"name\":\"Alaic\",\"description\":\"Asociaci\u00f3n Latinoamericana de Investigadores de la Comunicaci\u00f3n\",\"publisher\":{\"@id\":\"https:\/\/alaic.org\/#organization\"},\"potentialAction\":[{\"@type\":\"SearchAction\",\"target\":{\"@type\":\"EntryPoint\",\"urlTemplate\":\"https:\/\/alaic.org\/?s={search_term_string}\"},\"query-input\":\"required name=search_term_string\"}],\"inLanguage\":\"pt-BR\"},{\"@type\":\"Organization\",\"@id\":\"https:\/\/alaic.org\/#organization\",\"name\":\"Alaic\",\"url\":\"https:\/\/alaic.org\/\",\"logo\":{\"@type\":\"ImageObject\",\"inLanguage\":\"pt-BR\",\"@id\":\"https:\/\/alaic.org\/#\/schema\/logo\/image\/\",\"url\":\"https:\/\/alaic.org\/wp-content\/uploads\/2023\/02\/imagen_2023-02-16_090402780.png\",\"contentUrl\":\"https:\/\/alaic.org\/wp-content\/uploads\/2023\/02\/imagen_2023-02-16_090402780.png\",\"width\":1220,\"height\":417,\"caption\":\"Alaic\"},\"image\":{\"@id\":\"https:\/\/alaic.org\/#\/schema\/logo\/image\/\"}}]}<\/script>\n<!-- \/ Yoast SEO plugin. -->","yoast_head_json":{"title":"Seminarios de la Asociaci\u00f3n - Alaic","robots":{"index":"index","follow":"follow","max-snippet":"max-snippet:-1","max-image-preview":"max-image-preview:large","max-video-preview":"max-video-preview:-1"},"canonical":"https:\/\/alaic.org\/pt\/seminarios-de-la-asociacion\/","og_locale":"pt_BR","og_type":"article","og_title":"Seminarios de la Asociaci\u00f3n - Alaic","og_description":"ALAIC Seminarios de la Asociaci\u00f3n Cada dos a\u00f1os, desde 1999, la Asociaci\u00f3n Latinoamericana de Investigadores de la Comunicaci\u00f3n (ALAIC) re\u00fane a sus miembros en un gran Seminario Acad\u00e9mico. Este espacio promueve la reflexi\u00f3n colectiva en torno a un tema central de la comunicaci\u00f3n, fomenta la discusi\u00f3n y el intercambio de conocimientos, y contribuye al crecimiento [&hellip;]","og_url":"https:\/\/alaic.org\/pt\/seminarios-de-la-asociacion\/","og_site_name":"Alaic","article_modified_time":"2025-08-26T22:21:29+00:00","og_image":[{"url":"https:\/\/alaic.org\/wp-content\/uploads\/2023\/02\/Captura-256-1024x303.png"}],"twitter_card":"summary_large_image","twitter_misc":{"Est. tempo de leitura":"1 minuto"},"schema":{"@context":"https:\/\/schema.org","@graph":[{"@type":"WebPage","@id":"https:\/\/alaic.org\/seminarios-de-la-asociacion\/","url":"https:\/\/alaic.org\/seminarios-de-la-asociacion\/","name":"Seminarios de la Asociaci\u00f3n - Alaic","isPartOf":{"@id":"https:\/\/alaic.org\/#website"},"primaryImageOfPage":{"@id":"https:\/\/alaic.org\/seminarios-de-la-asociacion\/#primaryimage"},"image":{"@id":"https:\/\/alaic.org\/seminarios-de-la-asociacion\/#primaryimage"},"thumbnailUrl":"https:\/\/alaic.org\/wp-content\/uploads\/2023\/02\/Captura-256-1024x303.png","datePublished":"2023-02-10T16:57:42+00:00","dateModified":"2025-08-26T22:21:29+00:00","breadcrumb":{"@id":"https:\/\/alaic.org\/seminarios-de-la-asociacion\/#breadcrumb"},"inLanguage":"pt-BR","potentialAction":[{"@type":"ReadAction","target":["https:\/\/alaic.org\/seminarios-de-la-asociacion\/"]}]},{"@type":"ImageObject","inLanguage":"pt-BR","@id":"https:\/\/alaic.org\/seminarios-de-la-asociacion\/#primaryimage","url":"https:\/\/alaic.org\/wp-content\/uploads\/2023\/02\/Captura-256-1024x303.png","contentUrl":"https:\/\/alaic.org\/wp-content\/uploads\/2023\/02\/Captura-256-1024x303.png"},{"@type":"BreadcrumbList","@id":"https:\/\/alaic.org\/seminarios-de-la-asociacion\/#breadcrumb","itemListElement":[{"@type":"ListItem","position":1,"name":"Portada","item":"https:\/\/alaic.org\/"},{"@type":"ListItem","position":2,"name":"Seminarios de la Asociaci\u00f3n"}]},{"@type":"WebSite","@id":"https:\/\/alaic.org\/#website","url":"https:\/\/alaic.org\/","name":"Alaic","description":"Asociaci\u00f3n Latinoamericana de Investigadores de la Comunicaci\u00f3n","publisher":{"@id":"https:\/\/alaic.org\/#organization"},"potentialAction":[{"@type":"SearchAction","target":{"@type":"EntryPoint","urlTemplate":"https:\/\/alaic.org\/?s={search_term_string}"},"query-input":"required name=search_term_string"}],"inLanguage":"pt-BR"},{"@type":"Organization","@id":"https:\/\/alaic.org\/#organization","name":"Alaic","url":"https:\/\/alaic.org\/","logo":{"@type":"ImageObject","inLanguage":"pt-BR","@id":"https:\/\/alaic.org\/#\/schema\/logo\/image\/","url":"https:\/\/alaic.org\/wp-content\/uploads\/2023\/02\/imagen_2023-02-16_090402780.png","contentUrl":"https:\/\/alaic.org\/wp-content\/uploads\/2023\/02\/imagen_2023-02-16_090402780.png","width":1220,"height":417,"caption":"Alaic"},"image":{"@id":"https:\/\/alaic.org\/#\/schema\/logo\/image\/"}}]}},"_links":{"self":[{"href":"https:\/\/alaic.org\/pt\/wp-json\/wp\/v2\/pages\/1926"}],"collection":[{"href":"https:\/\/alaic.org\/pt\/wp-json\/wp\/v2\/pages"}],"about":[{"href":"https:\/\/alaic.org\/pt\/wp-json\/wp\/v2\/types\/page"}],"author":[{"embeddable":true,"href":"https:\/\/alaic.org\/pt\/wp-json\/wp\/v2\/users\/1"}],"replies":[{"embeddable":true,"href":"https:\/\/alaic.org\/pt\/wp-json\/wp\/v2\/comments?post=1926"}],"version-history":[{"count":5,"href":"https:\/\/alaic.org\/pt\/wp-json\/wp\/v2\/pages\/1926\/revisions"}],"predecessor-version":[{"id":14381,"href":"https:\/\/alaic.org\/pt\/wp-json\/wp\/v2\/pages\/1926\/revisions\/14381"}],"wp:attachment":[{"href":"https:\/\/alaic.org\/pt\/wp-json\/wp\/v2\/media?parent=1926"}],"curies":[{"name":"wp","href":"https:\/\/api.w.org\/{rel}","templated":true}]}}